{"id":6940,"date":"2026-04-17T08:12:02","date_gmt":"2026-04-17T06:12:02","guid":{"rendered":"https:\/\/www.beauty-academy.fr\/?post_type=product&#038;p=6940"},"modified":"2026-04-17T08:14:17","modified_gmt":"2026-04-17T06:14:17","slug":"creee-son-organisme-de-a-a-z","status":"publish","type":"product","link":"https:\/\/www.beauty-academy.fr\/en\/product\/creee-son-organisme-de-a-a-z\/","title":{"rendered":"Cr\u00e9\u00e9e son organisme de A \u00e0 Z"},"content":{"rendered":"","protected":false},"excerpt":{"rendered":"","protected":false},"featured_media":0,"comment_status":"closed","ping_status":"closed","template":"","meta":{"_acf_changed":false},"product_brand":[],"product_cat":[187],"product_tag":[190,255,192,189],"class_list":{"0":"post-6940","1":"product","2":"type-product","3":"status-publish","5":"product_cat-formation-e-learning","6":"product_tag-corps","7":"product_tag-e-learning","8":"product_tag-peau","9":"product_tag-sante","11":"first","12":"instock","13":"taxable","14":"shipping-taxable","15":"purchasable","16":"product-type-simple"},"acf":[],"yoast_head":"<!-- This site is optimized with the Yoast SEO plugin v27.5 - https:\/\/yoast.com\/product\/yoast-seo-wordpress\/ -->\n<title>Formation Mad\u00e9ro Ice | E-Learning | Beauty Academy<\/title>\n<meta name=\"description\" content=\"Chez Beauty Academy, nous sommes fiers de vous pr\u00e9senter notre formation e-learning compl\u00e8te en Mad\u00e9ro Ice, con\u00e7ue pour les professionnels de l&#039;esth\u00e9tique.\" \/>\n<meta name=\"robots\" content=\"index, follow, max-snippet:-1, max-image-preview:large, max-video-preview:-1\" \/>\n<link rel=\"canonical\" href=\"https:\/\/www.beauty-academy.fr\/en\/product\/creee-son-organisme-de-a-a-z\/\" \/>\n<meta property=\"og:locale\" content=\"en_GB\" \/>\n<meta property=\"og:type\" content=\"article\" \/>\n<meta property=\"og:title\" content=\"Formation Mad\u00e9ro Ice | E-Learning | Beauty Academy\" \/>\n<meta property=\"og:description\" content=\"Chez Beauty Academy, nous sommes fiers de vous pr\u00e9senter notre formation e-learning compl\u00e8te en Mad\u00e9ro Ice, con\u00e7ue pour les professionnels de l&#039;esth\u00e9tique.\" \/>\n<meta property=\"og:url\" content=\"https:\/\/www.beauty-academy.fr\/en\/product\/creee-son-organisme-de-a-a-z\/\" \/>\n<meta property=\"og:site_name\" content=\"Beauty Academy Centre de Formation Esth\u00e9tique\" \/>\n<meta property=\"article:modified_time\" content=\"2026-04-17T06:14:17+00:00\" \/>\n<meta name=\"twitter:card\" content=\"summary_large_image\" \/>\n<script type=\"application\/ld+json\" class=\"yoast-schema-graph\">{\"@context\":\"https:\\\/\\\/schema.org\",\"@graph\":[{\"@type\":\"WebPage\",\"@id\":\"https:\\\/\\\/www.beauty-academy.fr\\\/produit\\\/creee-son-organisme-de-a-a-z\\\/\",\"url\":\"https:\\\/\\\/www.beauty-academy.fr\\\/produit\\\/creee-son-organisme-de-a-a-z\\\/\",\"name\":\"Formation Mad\u00e9ro Ice | E-Learning | Beauty Academy\",\"isPartOf\":{\"@id\":\"https:\\\/\\\/www.beauty-academy.fr\\\/#website\"},\"datePublished\":\"2026-04-17T06:12:02+00:00\",\"dateModified\":\"2026-04-17T06:14:17+00:00\",\"description\":\"Chez Beauty Academy, nous sommes fiers de vous pr\u00e9senter notre formation e-learning compl\u00e8te en Mad\u00e9ro Ice, con\u00e7ue pour les professionnels de l'esth\u00e9tique.\",\"breadcrumb\":{\"@id\":\"https:\\\/\\\/www.beauty-academy.fr\\\/produit\\\/creee-son-organisme-de-a-a-z\\\/#breadcrumb\"},\"inLanguage\":\"en-GB\",\"potentialAction\":[{\"@type\":\"ReadAction\",\"target\":[\"https:\\\/\\\/www.beauty-academy.fr\\\/produit\\\/creee-son-organisme-de-a-a-z\\\/\"]}]},{\"@type\":\"BreadcrumbList\",\"@id\":\"https:\\\/\\\/www.beauty-academy.fr\\\/produit\\\/creee-son-organisme-de-a-a-z\\\/#breadcrumb\",\"itemListElement\":[{\"@type\":\"ListItem\",\"position\":1,\"name\":\"Accueil\",\"item\":\"https:\\\/\\\/www.beauty-academy.fr\\\/\"},{\"@type\":\"ListItem\",\"position\":2,\"name\":\"Boutique\",\"item\":\"https:\\\/\\\/www.beauty-academy.fr\\\/boutique\\\/\"},{\"@type\":\"ListItem\",\"position\":3,\"name\":\"Cr\u00e9\u00e9e son organisme de A \u00e0 Z\"}]},{\"@type\":\"WebSite\",\"@id\":\"https:\\\/\\\/www.beauty-academy.fr\\\/#website\",\"url\":\"https:\\\/\\\/www.beauty-academy.fr\\\/\",\"name\":\"Beauty Academy Centre de Formation Esth\u00e9tique\",\"description\":\"Centre de formation innovant pour tous les soins esth\u00e9tiques\",\"publisher\":{\"@id\":\"https:\\\/\\\/www.beauty-academy.fr\\\/#organization\"},\"potentialAction\":[{\"@type\":\"SearchAction\",\"target\":{\"@type\":\"EntryPoint\",\"urlTemplate\":\"https:\\\/\\\/www.beauty-academy.fr\\\/?s={search_term_string}\"},\"query-input\":{\"@type\":\"PropertyValueSpecification\",\"valueRequired\":true,\"valueName\":\"search_term_string\"}}],\"inLanguage\":\"en-GB\"},{\"@type\":\"Organization\",\"@id\":\"https:\\\/\\\/www.beauty-academy.fr\\\/#organization\",\"name\":\"Beauty Academy Centre de Formation Esth\u00e9tique\",\"url\":\"https:\\\/\\\/www.beauty-academy.fr\\\/\",\"logo\":{\"@type\":\"ImageObject\",\"inLanguage\":\"en-GB\",\"@id\":\"https:\\\/\\\/www.beauty-academy.fr\\\/#\\\/schema\\\/logo\\\/image\\\/\",\"url\":\"https:\\\/\\\/i0.wp.com\\\/www.beauty-academy.fr\\\/wp-content\\\/uploads\\\/2022\\\/05\\\/Design-sans-titre-62.png?fit=1563%2C494&ssl=1\",\"contentUrl\":\"https:\\\/\\\/i0.wp.com\\\/www.beauty-academy.fr\\\/wp-content\\\/uploads\\\/2022\\\/05\\\/Design-sans-titre-62.png?fit=1563%2C494&ssl=1\",\"width\":1563,\"height\":494,\"caption\":\"Beauty Academy Centre de Formation Esth\u00e9tique\"},\"image\":{\"@id\":\"https:\\\/\\\/www.beauty-academy.fr\\\/#\\\/schema\\\/logo\\\/image\\\/\"}}]}<\/script>\n<!-- \/ Yoast SEO plugin. -->","yoast_head_json":{"title":"Formation Mad\u00e9ro Ice | E-Learning | Beauty Academy","description":"Chez Beauty Academy, nous sommes fiers de vous pr\u00e9senter notre formation e-learning compl\u00e8te en Mad\u00e9ro Ice, con\u00e7ue pour les professionnels de l'esth\u00e9tique.","robots":{"index":"index","follow":"follow","max-snippet":"max-snippet:-1","max-image-preview":"max-image-preview:large","max-video-preview":"max-video-preview:-1"},"canonical":"https:\/\/www.beauty-academy.fr\/en\/product\/creee-son-organisme-de-a-a-z\/","og_locale":"en_GB","og_type":"article","og_title":"Formation Mad\u00e9ro Ice | E-Learning | Beauty Academy","og_description":"Chez Beauty Academy, nous sommes fiers de vous pr\u00e9senter notre formation e-learning compl\u00e8te en Mad\u00e9ro Ice, con\u00e7ue pour les professionnels de l'esth\u00e9tique.","og_url":"https:\/\/www.beauty-academy.fr\/en\/product\/creee-son-organisme-de-a-a-z\/","og_site_name":"Beauty Academy Centre de Formation Esth\u00e9tique","article_modified_time":"2026-04-17T06:14:17+00:00","twitter_card":"summary_large_image","schema":{"@context":"https:\/\/schema.org","@graph":[{"@type":"WebPage","@id":"https:\/\/www.beauty-academy.fr\/produit\/creee-son-organisme-de-a-a-z\/","url":"https:\/\/www.beauty-academy.fr\/produit\/creee-son-organisme-de-a-a-z\/","name":"Formation Mad\u00e9ro Ice | E-Learning | Beauty Academy","isPartOf":{"@id":"https:\/\/www.beauty-academy.fr\/#website"},"datePublished":"2026-04-17T06:12:02+00:00","dateModified":"2026-04-17T06:14:17+00:00","description":"Chez Beauty Academy, nous sommes fiers de vous pr\u00e9senter notre formation e-learning compl\u00e8te en Mad\u00e9ro Ice, con\u00e7ue pour les professionnels de l'esth\u00e9tique.","breadcrumb":{"@id":"https:\/\/www.beauty-academy.fr\/produit\/creee-son-organisme-de-a-a-z\/#breadcrumb"},"inLanguage":"en-GB","potentialAction":[{"@type":"ReadAction","target":["https:\/\/www.beauty-academy.fr\/produit\/creee-son-organisme-de-a-a-z\/"]}]},{"@type":"BreadcrumbList","@id":"https:\/\/www.beauty-academy.fr\/produit\/creee-son-organisme-de-a-a-z\/#breadcrumb","itemListElement":[{"@type":"ListItem","position":1,"name":"Accueil","item":"https:\/\/www.beauty-academy.fr\/"},{"@type":"ListItem","position":2,"name":"Boutique","item":"https:\/\/www.beauty-academy.fr\/boutique\/"},{"@type":"ListItem","position":3,"name":"Cr\u00e9\u00e9e son organisme de A \u00e0 Z"}]},{"@type":"WebSite","@id":"https:\/\/www.beauty-academy.fr\/#website","url":"https:\/\/www.beauty-academy.fr\/","name":"Beauty Academy Centre de Formation Esth\u00e9tique","description":"Centre de formation innovant pour tous les soins esth\u00e9tiques","publisher":{"@id":"https:\/\/www.beauty-academy.fr\/#organization"},"potentialAction":[{"@type":"SearchAction","target":{"@type":"EntryPoint","urlTemplate":"https:\/\/www.beauty-academy.fr\/?s={search_term_string}"},"query-input":{"@type":"PropertyValueSpecification","valueRequired":true,"valueName":"search_term_string"}}],"inLanguage":"en-GB"},{"@type":"Organization","@id":"https:\/\/www.beauty-academy.fr\/#organization","name":"Beauty Academy Centre de Formation Esth\u00e9tique","url":"https:\/\/www.beauty-academy.fr\/","logo":{"@type":"ImageObject","inLanguage":"en-GB","@id":"https:\/\/www.beauty-academy.fr\/#\/schema\/logo\/image\/","url":"https:\/\/i0.wp.com\/www.beauty-academy.fr\/wp-content\/uploads\/2022\/05\/Design-sans-titre-62.png?fit=1563%2C494&ssl=1","contentUrl":"https:\/\/i0.wp.com\/www.beauty-academy.fr\/wp-content\/uploads\/2022\/05\/Design-sans-titre-62.png?fit=1563%2C494&ssl=1","width":1563,"height":494,"caption":"Beauty Academy Centre de Formation Esth\u00e9tique"},"image":{"@id":"https:\/\/www.beauty-academy.fr\/#\/schema\/logo\/image\/"}}]}},"jetpack_sharing_enabled":true,"_links":{"self":[{"href":"https:\/\/www.beauty-academy.fr\/en\/wp-json\/wp\/v2\/product\/6940","targetHints":{"allow":["GET"]}}],"collection":[{"href":"https:\/\/www.beauty-academy.fr\/en\/wp-json\/wp\/v2\/product"}],"about":[{"href":"https:\/\/www.beauty-academy.fr\/en\/wp-json\/wp\/v2\/types\/product"}],"replies":[{"embeddable":true,"href":"https:\/\/www.beauty-academy.fr\/en\/wp-json\/wp\/v2\/comments?post=6940"}],"version-history":[{"count":1,"href":"https:\/\/www.beauty-academy.fr\/en\/wp-json\/wp\/v2\/product\/6940\/revisions"}],"predecessor-version":[{"id":6941,"href":"https:\/\/www.beauty-academy.fr\/en\/wp-json\/wp\/v2\/product\/6940\/revisions\/6941"}],"wp:attachment":[{"href":"https:\/\/www.beauty-academy.fr\/en\/wp-json\/wp\/v2\/media?parent=6940"}],"wp:term":[{"taxonomy":"product_brand","embeddable":true,"href":"https:\/\/www.beauty-academy.fr\/en\/wp-json\/wp\/v2\/product_brand?post=6940"},{"taxonomy":"product_cat","embeddable":true,"href":"https:\/\/www.beauty-academy.fr\/en\/wp-json\/wp\/v2\/product_cat?post=6940"},{"taxonomy":"product_tag","embeddable":true,"href":"https:\/\/www.beauty-academy.fr\/en\/wp-json\/wp\/v2\/product_tag?post=6940"}],"curies":[{"name":"wp","href":"https:\/\/api.w.org\/{rel}","templated":true}]}}