{"id":4022,"date":"2023-10-30T13:06:53","date_gmt":"2023-10-30T12:06:53","guid":{"rendered":"https:\/\/www.beauty-academy.fr\/?post_type=product&#038;p=4022"},"modified":"2023-10-30T13:07:17","modified_gmt":"2023-10-30T12:07:17","slug":"bc05-bases-scientifiques-de-la-dietetique","status":"publish","type":"product","link":"https:\/\/www.beauty-academy.fr\/en\/product\/bc05-bases-scientifiques-de-la-dietetique\/","title":{"rendered":"BC05 &#8211; Bases scientifiques de la di\u00e9t\u00e9tique"},"content":{"rendered":"<h4 style=\"text-align: justify;\">Contenu<\/h4>\n<p><strong>R\u00e9sultats Attendus :<\/strong><\/p>\n<ul>\n<li>Capacit\u00e9 \u00e0 g\u00e9rer son propre institut<\/li>\n<li>D\u00e9s votre inscription, un lien comprenant vos identifiants de vos connexions, vous sera envoy\u00e9 pour vous inscrire sur notre plate-forme digitale et ainsi acc\u00e9der \u00e0 votre espace d\u00e9di\u00e9 \u00e0 la formation.<\/li>\n<li>Ce lien restera actif pendant la dur\u00e9e souscrite lors de votre inscription. C\u2019est-\u00e0-dire \u00e0 vie sous r\u00e9serve des avanc\u00e9es technologiques.<\/li>\n<li>Cette plate-forme digitale accessibles 24h\/24 et 7J\/7 , vous permettra d&rsquo;acc\u00e9der aux S\u00e9quences de e-learning.<\/li>\n<li>Dans votre espace e-Etudiant individuel vous pourrez : Suivre votre progression de travail.<\/li>\n<li>Une messagerie instantan\u00e9e int\u00e9gr\u00e9e \u00e0 votre parcours sur la plateforme pour poser vos questions en direct \u00e0 nos formateurs habilit\u00e9s<\/li>\n<li>Des tutoriels vid\u00e9o pratiques Des unit\u00e9s de cours th\u00e9oriques. Un acc\u00e8s facilit\u00e9 aux stages gr\u00e2ce conventions de stage disponibles<\/li>\n<\/ul>\n<p><strong>D\u00e9tails des conditions sp\u00e9cifiques et pr\u00e9requis<\/strong><\/p>\n<p><strong>Inscription aux \u00e9preuves<\/strong><\/p>\n<p>Vous devrez vous inscrire en tant que candidat libre afin de valider vos acquisitions du bloc de comp\u00e9tence suivi sur le site internet d&rsquo;inscription aux examens de l&rsquo;Education Nationale ou physiquement en se rapprochant de l&rsquo;acad\u00e9mie de son lieu d&rsquo;habitation\u00a0ou via l&rsquo;assistance de notre service p\u00e9dagogique. Nous v\u00e9rifions \u00e9galement vos attentes et vos objectifs. Les modalit\u00e9s d\u2019\u00e9valuation sont d\u00e9crites dans les annexes de l\u2019arr\u00eat\u00e9 d\u00e9finissant les dipl\u00f4mes relatifs \u00e0 l\u2019\u00e9valuation.\u00a0Toutefois l\u2019apprenant peut obtenir un certificat du bloc suivi d\u00e8s lors que des vid\u00e9os du travail soumis seront envoy\u00e9s au centre (voir notamment le r\u00e8glement d\u2019examen et les d\u00e9finitions d\u2019\u00e9preuves).<\/p>\n<p><strong>D\u00e9bouch\u00e9s et poursuite d\u2019\u00e9tudes :<\/strong><\/p>\n<p><strong>Le bloc UP3 \u00e0 une dur\u00e9e de validit\u00e9 de 5 ans, il vous permettra de pouvoir pr\u00e9senter le CAP Esth\u00e9tique qui est la voie d&rsquo;entr\u00e9e vers une multitude de sp\u00e9cialit\u00e9s et d\u00e9bouch\u00e9s :<\/strong><\/p>\n<ul>\n<li>Poursuites d&rsquo;\u00e9tudes :BP Esth\u00e9tique, CQP (Spa Praticien, Spa Manager, Maquilleur Conseil Animateur et Styliste Ongulaire) ou Socio-Esth\u00e9tique, BTS Esth\u00e9tique<\/li>\n<li>D\u00e9bouch\u00e9s : possibilit\u00e9 d\u2019int\u00e9grer imm\u00e9diatement le monde du travail en tant qu\u2019Esth\u00e9ticien(ne) en institut ou \u00e0 domicile<\/li>\n<li>Pas de dipl\u00f4me \u00e9quivalent ni de passerelles.<\/li>\n<\/ul>\n<h4>Informations :<\/h4>\n<ul>\n<li style=\"text-align: justify;\">D\u00e9s votre inscription, un lien comprenant vos identifiants de vos connexions, vous sera envoy\u00e9 pour vous inscrire sur notre plate-forme digitale et ainsi acc\u00e9der \u00e0 votre espace d\u00e9di\u00e9 \u00e0 la formation.<\/li>\n<li style=\"text-align: justify;\">Ce lien restera actif pendant la dur\u00e9e souscrite lors de votre inscription. C\u2019est-\u00e0-dire \u00e0 vie sous r\u00e9serve des avanc\u00e9es technologiques.<\/li>\n<li style=\"text-align: justify;\">Cette plate-forme digitale accessibles 24h\/24 et 7J\/7 , vous permettra d&rsquo;acc\u00e9der aux S\u00e9quences de e-learning.<\/li>\n<li style=\"text-align: justify;\">Dans votre espace e-Etudiant individuel vous pourrez : Suivre votre progression de travail.<\/li>\n<li style=\"text-align: justify;\">Une messagerie instantan\u00e9e int\u00e9gr\u00e9e \u00e0 votre parcours sur la plateforme pour poser vos questions en direct \u00e0 nos formateurs habilit\u00e9s<\/li>\n<li style=\"text-align: justify;\">Des tutoriels vid\u00e9o pratiques Des unit\u00e9s de cours th\u00e9oriques.<\/li>\n<li style=\"text-align: justify;\">Un acc\u00e8s facilit\u00e9 aux stages gr\u00e2ce aux conventions de stage disponibles<\/li>\n<li>D\u00e9tails des conditions sp\u00e9cifiques et pr\u00e9requis<\/li>\n<li>Inscription aux \u00e9preuves<\/li>\n<li>Toutefois l\u2019apprenant peut obtenir un certificat du bloc suivi d\u00e8s lors que des vid\u00e9os du travail soumis seront envoy\u00e9s au centre de formation.<\/li>\n<li>Nous v\u00e9rifions \u00e9galement vos attentes et vos objectifs<\/li>\n<li>Les modalit\u00e9s d\u2019\u00e9valuation sont d\u00e9crites dans les annexes de l\u2019arr\u00eat\u00e9 d\u00e9finissant les dipl\u00f4mes relatifs \u00e0 l\u2019\u00e9valuation (voir notamment le r\u00e8glement d\u2019examen et les d\u00e9finitions d\u2019\u00e9preuves).<\/li>\n<\/ul>\n<h4 style=\"text-align: justify;\">Public en situation de handicap :<\/h4>\n<ul>\n<li style=\"text-align: justify;\">Les apprenants dont les handicaps sont de type visuel, auditif ou cognitif pourront n\u00e9cessiter une adaptation de leurs outils informatiques.<\/li>\n<li style=\"text-align: justify;\">Les s\u00e9quences de formation peuvent \u00eatre relues autant de fois que n\u00e9cessaire pour les apprenants ayant besoin de plus de temps, avec des pauses, par exemple.<\/li>\n<li style=\"text-align: justify;\">Les vid\u00e9os de la formation peuvent \u00e9galement \u00eatre\u00a0sous-titr\u00e9es.<\/li>\n<\/ul>","protected":false},"excerpt":{"rendered":"<p><strong>Aims:<\/strong><\/p>\n<ul>\n<li>Savoir accueillir et prendre en charge la client\u00e8le<\/li>\n<li>Savoir conseiller et vendre des massages bien \u00eatre en fonction des cours d\u2019anatomie<\/li>\n<li>Mettre en valeur et promouvoir des produits et des prestations<\/li>\n<li>Organiser un planning de rendez-vous<\/li>\n<li>Participer \u00e0 la vie de l&rsquo;institut de beaut\u00e9 et de bien-\u00eatre<\/li>\n<\/ul>\n<p><strong>Points forts :<\/strong><\/p>\n<ul>\n<li>Travail d&rsquo;\u00e9quipe Savoir accueillir et prendre en charge la client\u00e8le Mettre en valeur et promouvoir des produits et des prestations<\/li>\n<li>Dipl\u00f4me CAP Esth\u00e9tique Cosm\u00e9tique Parfumerie<\/li>\n<li>NIVEAU 3 (CAP, BEP&#8230;)<\/li>\n<\/ul>\n<p><strong>Contenu :<\/strong><\/p>\n<ul>\n<li>Accueillir et prendre en charge la client\u00e8le<\/li>\n<li>Conseiller et vendre massages bien \u00eatre et des cours d\u2019anatomie<\/li>\n<li>Mettre en valeur et promouvoir des produits et des prestations<\/li>\n<li>Organiser un planning de rendez-vous<\/li>\n<li>Participer \u00e0 la vie de l&rsquo;institut de beaut\u00e9 et de bien-\u00eatre<\/li>\n<\/ul>\n<p>Les modalit\u00e9s d\u2019\u00e9valuation sont d\u00e9crites dans les annexes de l\u2019arr\u00eat\u00e9 d\u00e9finissant le dipl\u00f4me relatif \u00e0 l\u2019\u00e9valuation (voir notamment le r\u00e8glement d\u2019examen et les d\u00e9finitions d\u2019\u00e9preuves).<\/p>","protected":false},"featured_media":2705,"comment_status":"closed","ping_status":"closed","template":"","meta":{"_acf_changed":false},"product_brand":[],"product_cat":[187],"product_tag":[259,258,261],"class_list":{"0":"post-4022","1":"product","2":"type-product","3":"status-publish","4":"has-post-thumbnail","6":"product_cat-formation-e-learning","7":"product_tag-des-mains-et-des-pieds","8":"product_tag-techniques-esthetiques-du-visage","9":"product_tag-up3","11":"first","12":"instock","13":"taxable","14":"shipping-taxable","15":"purchasable","16":"product-type-simple"},"acf":[],"yoast_head":"<!-- This site is optimized with the Yoast SEO plugin v27.5 - https:\/\/yoast.com\/product\/yoast-seo-wordpress\/ -->\n<title>BC05 - Bases scientifiques de la di\u00e9t\u00e9tique - Beauty Academy Centre de Formation Esth\u00e9tique<\/title>\n<meta name=\"robots\" content=\"index, follow, max-snippet:-1, max-image-preview:large, max-video-preview:-1\" \/>\n<link rel=\"canonical\" href=\"https:\/\/www.beauty-academy.fr\/en\/product\/bc05-bases-scientifiques-de-la-dietetique\/\" \/>\n<meta property=\"og:locale\" content=\"en_GB\" \/>\n<meta property=\"og:type\" content=\"article\" \/>\n<meta property=\"og:title\" content=\"BC05 - Bases scientifiques de la di\u00e9t\u00e9tique - Beauty Academy Centre de Formation Esth\u00e9tique\" \/>\n<meta property=\"og:description\" content=\"Objectifs :   Savoir accueillir et prendre en charge la client\u00e8le  Savoir conseiller et vendre des massages bien \u00eatre en fonction des cours d\u2019anatomie  Mettre en valeur et promouvoir des produits et des prestations  Organiser un planning de rendez-vous  Participer \u00e0 la vie de l&#039;institut de beaut\u00e9 et de bien-\u00eatre  Points forts :   Travail d&#039;\u00e9quipe Savoir accueillir et prendre en charge la client\u00e8le Mettre en valeur et promouvoir des produits et des prestations  Dipl\u00f4me CAP Esth\u00e9tique Cosm\u00e9tique Parfumerie  NIVEAU 3 (CAP, BEP...)  Contenu :   Accueillir et prendre en charge la client\u00e8le  Conseiller et vendre massages bien \u00eatre et des cours d\u2019anatomie  Mettre en valeur et promouvoir des produits et des prestations  Organiser un planning de rendez-vous  Participer \u00e0 la vie de l&#039;institut de beaut\u00e9 et de bien-\u00eatre  Les modalit\u00e9s d\u2019\u00e9valuation sont d\u00e9crites dans les annexes de l\u2019arr\u00eat\u00e9 d\u00e9finissant le dipl\u00f4me relatif \u00e0 l\u2019\u00e9valuation (voir notamment le r\u00e8glement d\u2019examen et les d\u00e9finitions d\u2019\u00e9preuves).\" \/>\n<meta property=\"og:url\" content=\"https:\/\/www.beauty-academy.fr\/en\/product\/bc05-bases-scientifiques-de-la-dietetique\/\" \/>\n<meta property=\"og:site_name\" content=\"Beauty Academy Centre de Formation Esth\u00e9tique\" \/>\n<meta property=\"article:modified_time\" content=\"2023-10-30T12:07:17+00:00\" \/>\n<meta property=\"og:image\" content=\"https:\/\/www.beauty-academy.fr\/wp-content\/uploads\/2023\/02\/12.png\" \/>\n\t<meta property=\"og:image:width\" content=\"1080\" \/>\n\t<meta property=\"og:image:height\" content=\"1080\" \/>\n\t<meta property=\"og:image:type\" content=\"image\/png\" \/>\n<meta name=\"twitter:card\" content=\"summary_large_image\" \/>\n<meta name=\"twitter:label1\" content=\"Estimated reading time\" \/>\n\t<meta name=\"twitter:data1\" content=\"3 minutes\" \/>\n<script type=\"application\/ld+json\" class=\"yoast-schema-graph\">{\"@context\":\"https:\\\/\\\/schema.org\",\"@graph\":[{\"@type\":\"WebPage\",\"@id\":\"https:\\\/\\\/www.beauty-academy.fr\\\/produit\\\/bc05-bases-scientifiques-de-la-dietetique\\\/\",\"url\":\"https:\\\/\\\/www.beauty-academy.fr\\\/produit\\\/bc05-bases-scientifiques-de-la-dietetique\\\/\",\"name\":\"BC05 - Bases scientifiques de la di\u00e9t\u00e9tique - Beauty Academy Centre de Formation Esth\u00e9tique\",\"isPartOf\":{\"@id\":\"https:\\\/\\\/www.beauty-academy.fr\\\/#website\"},\"primaryImageOfPage\":{\"@id\":\"https:\\\/\\\/www.beauty-academy.fr\\\/produit\\\/bc05-bases-scientifiques-de-la-dietetique\\\/#primaryimage\"},\"image\":{\"@id\":\"https:\\\/\\\/www.beauty-academy.fr\\\/produit\\\/bc05-bases-scientifiques-de-la-dietetique\\\/#primaryimage\"},\"thumbnailUrl\":\"https:\\\/\\\/i0.wp.com\\\/www.beauty-academy.fr\\\/wp-content\\\/uploads\\\/2023\\\/02\\\/12.png?fit=1080%2C1080&ssl=1\",\"datePublished\":\"2023-10-30T12:06:53+00:00\",\"dateModified\":\"2023-10-30T12:07:17+00:00\",\"breadcrumb\":{\"@id\":\"https:\\\/\\\/www.beauty-academy.fr\\\/produit\\\/bc05-bases-scientifiques-de-la-dietetique\\\/#breadcrumb\"},\"inLanguage\":\"en-GB\",\"potentialAction\":[{\"@type\":\"ReadAction\",\"target\":[\"https:\\\/\\\/www.beauty-academy.fr\\\/produit\\\/bc05-bases-scientifiques-de-la-dietetique\\\/\"]}]},{\"@type\":\"ImageObject\",\"inLanguage\":\"en-GB\",\"@id\":\"https:\\\/\\\/www.beauty-academy.fr\\\/produit\\\/bc05-bases-scientifiques-de-la-dietetique\\\/#primaryimage\",\"url\":\"https:\\\/\\\/i0.wp.com\\\/www.beauty-academy.fr\\\/wp-content\\\/uploads\\\/2023\\\/02\\\/12.png?fit=1080%2C1080&ssl=1\",\"contentUrl\":\"https:\\\/\\\/i0.wp.com\\\/www.beauty-academy.fr\\\/wp-content\\\/uploads\\\/2023\\\/02\\\/12.png?fit=1080%2C1080&ssl=1\",\"width\":1080,\"height\":1080},{\"@type\":\"BreadcrumbList\",\"@id\":\"https:\\\/\\\/www.beauty-academy.fr\\\/produit\\\/bc05-bases-scientifiques-de-la-dietetique\\\/#breadcrumb\",\"itemListElement\":[{\"@type\":\"ListItem\",\"position\":1,\"name\":\"Accueil\",\"item\":\"https:\\\/\\\/www.beauty-academy.fr\\\/\"},{\"@type\":\"ListItem\",\"position\":2,\"name\":\"Boutique\",\"item\":\"https:\\\/\\\/www.beauty-academy.fr\\\/boutique\\\/\"},{\"@type\":\"ListItem\",\"position\":3,\"name\":\"BC05 &#8211; Bases scientifiques de la di\u00e9t\u00e9tique\"}]},{\"@type\":\"WebSite\",\"@id\":\"https:\\\/\\\/www.beauty-academy.fr\\\/#website\",\"url\":\"https:\\\/\\\/www.beauty-academy.fr\\\/\",\"name\":\"Beauty Academy Centre de Formation Esth\u00e9tique\",\"description\":\"Centre de formation innovant pour tous les soins esth\u00e9tiques\",\"publisher\":{\"@id\":\"https:\\\/\\\/www.beauty-academy.fr\\\/#organization\"},\"potentialAction\":[{\"@type\":\"SearchAction\",\"target\":{\"@type\":\"EntryPoint\",\"urlTemplate\":\"https:\\\/\\\/www.beauty-academy.fr\\\/?s={search_term_string}\"},\"query-input\":{\"@type\":\"PropertyValueSpecification\",\"valueRequired\":true,\"valueName\":\"search_term_string\"}}],\"inLanguage\":\"en-GB\"},{\"@type\":\"Organization\",\"@id\":\"https:\\\/\\\/www.beauty-academy.fr\\\/#organization\",\"name\":\"Beauty Academy Centre de Formation Esth\u00e9tique\",\"url\":\"https:\\\/\\\/www.beauty-academy.fr\\\/\",\"logo\":{\"@type\":\"ImageObject\",\"inLanguage\":\"en-GB\",\"@id\":\"https:\\\/\\\/www.beauty-academy.fr\\\/#\\\/schema\\\/logo\\\/image\\\/\",\"url\":\"https:\\\/\\\/i0.wp.com\\\/www.beauty-academy.fr\\\/wp-content\\\/uploads\\\/2022\\\/05\\\/Design-sans-titre-62.png?fit=1563%2C494&ssl=1\",\"contentUrl\":\"https:\\\/\\\/i0.wp.com\\\/www.beauty-academy.fr\\\/wp-content\\\/uploads\\\/2022\\\/05\\\/Design-sans-titre-62.png?fit=1563%2C494&ssl=1\",\"width\":1563,\"height\":494,\"caption\":\"Beauty Academy Centre de Formation Esth\u00e9tique\"},\"image\":{\"@id\":\"https:\\\/\\\/www.beauty-academy.fr\\\/#\\\/schema\\\/logo\\\/image\\\/\"}}]}<\/script>\n<!-- \/ Yoast SEO plugin. -->","yoast_head_json":{"title":"BC05 - Bases scientifiques de la di\u00e9t\u00e9tique - Beauty Academy Centre de Formation Esth\u00e9tique","robots":{"index":"index","follow":"follow","max-snippet":"max-snippet:-1","max-image-preview":"max-image-preview:large","max-video-preview":"max-video-preview:-1"},"canonical":"https:\/\/www.beauty-academy.fr\/en\/product\/bc05-bases-scientifiques-de-la-dietetique\/","og_locale":"en_GB","og_type":"article","og_title":"BC05 - Bases scientifiques de la di\u00e9t\u00e9tique - Beauty Academy Centre de Formation Esth\u00e9tique","og_description":"Objectifs :   Savoir accueillir et prendre en charge la client\u00e8le  Savoir conseiller et vendre des massages bien \u00eatre en fonction des cours d\u2019anatomie  Mettre en valeur et promouvoir des produits et des prestations  Organiser un planning de rendez-vous  Participer \u00e0 la vie de l'institut de beaut\u00e9 et de bien-\u00eatre  Points forts :   Travail d'\u00e9quipe Savoir accueillir et prendre en charge la client\u00e8le Mettre en valeur et promouvoir des produits et des prestations  Dipl\u00f4me CAP Esth\u00e9tique Cosm\u00e9tique Parfumerie  NIVEAU 3 (CAP, BEP...)  Contenu :   Accueillir et prendre en charge la client\u00e8le  Conseiller et vendre massages bien \u00eatre et des cours d\u2019anatomie  Mettre en valeur et promouvoir des produits et des prestations  Organiser un planning de rendez-vous  Participer \u00e0 la vie de l'institut de beaut\u00e9 et de bien-\u00eatre  Les modalit\u00e9s d\u2019\u00e9valuation sont d\u00e9crites dans les annexes de l\u2019arr\u00eat\u00e9 d\u00e9finissant le dipl\u00f4me relatif \u00e0 l\u2019\u00e9valuation (voir notamment le r\u00e8glement d\u2019examen et les d\u00e9finitions d\u2019\u00e9preuves).","og_url":"https:\/\/www.beauty-academy.fr\/en\/product\/bc05-bases-scientifiques-de-la-dietetique\/","og_site_name":"Beauty Academy Centre de Formation Esth\u00e9tique","article_modified_time":"2023-10-30T12:07:17+00:00","og_image":[{"width":1080,"height":1080,"url":"https:\/\/www.beauty-academy.fr\/wp-content\/uploads\/2023\/02\/12.png","type":"image\/png"}],"twitter_card":"summary_large_image","twitter_misc":{"Estimated reading time":"3 minutes"},"schema":{"@context":"https:\/\/schema.org","@graph":[{"@type":"WebPage","@id":"https:\/\/www.beauty-academy.fr\/produit\/bc05-bases-scientifiques-de-la-dietetique\/","url":"https:\/\/www.beauty-academy.fr\/produit\/bc05-bases-scientifiques-de-la-dietetique\/","name":"BC05 - Bases scientifiques de la di\u00e9t\u00e9tique - Beauty Academy Centre de Formation Esth\u00e9tique","isPartOf":{"@id":"https:\/\/www.beauty-academy.fr\/#website"},"primaryImageOfPage":{"@id":"https:\/\/www.beauty-academy.fr\/produit\/bc05-bases-scientifiques-de-la-dietetique\/#primaryimage"},"image":{"@id":"https:\/\/www.beauty-academy.fr\/produit\/bc05-bases-scientifiques-de-la-dietetique\/#primaryimage"},"thumbnailUrl":"https:\/\/i0.wp.com\/www.beauty-academy.fr\/wp-content\/uploads\/2023\/02\/12.png?fit=1080%2C1080&ssl=1","datePublished":"2023-10-30T12:06:53+00:00","dateModified":"2023-10-30T12:07:17+00:00","breadcrumb":{"@id":"https:\/\/www.beauty-academy.fr\/produit\/bc05-bases-scientifiques-de-la-dietetique\/#breadcrumb"},"inLanguage":"en-GB","potentialAction":[{"@type":"ReadAction","target":["https:\/\/www.beauty-academy.fr\/produit\/bc05-bases-scientifiques-de-la-dietetique\/"]}]},{"@type":"ImageObject","inLanguage":"en-GB","@id":"https:\/\/www.beauty-academy.fr\/produit\/bc05-bases-scientifiques-de-la-dietetique\/#primaryimage","url":"https:\/\/i0.wp.com\/www.beauty-academy.fr\/wp-content\/uploads\/2023\/02\/12.png?fit=1080%2C1080&ssl=1","contentUrl":"https:\/\/i0.wp.com\/www.beauty-academy.fr\/wp-content\/uploads\/2023\/02\/12.png?fit=1080%2C1080&ssl=1","width":1080,"height":1080},{"@type":"BreadcrumbList","@id":"https:\/\/www.beauty-academy.fr\/produit\/bc05-bases-scientifiques-de-la-dietetique\/#breadcrumb","itemListElement":[{"@type":"ListItem","position":1,"name":"Accueil","item":"https:\/\/www.beauty-academy.fr\/"},{"@type":"ListItem","position":2,"name":"Boutique","item":"https:\/\/www.beauty-academy.fr\/boutique\/"},{"@type":"ListItem","position":3,"name":"BC05 &#8211; Bases scientifiques de la di\u00e9t\u00e9tique"}]},{"@type":"WebSite","@id":"https:\/\/www.beauty-academy.fr\/#website","url":"https:\/\/www.beauty-academy.fr\/","name":"Beauty Academy Centre de Formation Esth\u00e9tique","description":"Centre de formation innovant pour tous les soins esth\u00e9tiques","publisher":{"@id":"https:\/\/www.beauty-academy.fr\/#organization"},"potentialAction":[{"@type":"SearchAction","target":{"@type":"EntryPoint","urlTemplate":"https:\/\/www.beauty-academy.fr\/?s={search_term_string}"},"query-input":{"@type":"PropertyValueSpecification","valueRequired":true,"valueName":"search_term_string"}}],"inLanguage":"en-GB"},{"@type":"Organization","@id":"https:\/\/www.beauty-academy.fr\/#organization","name":"Beauty Academy Centre de Formation Esth\u00e9tique","url":"https:\/\/www.beauty-academy.fr\/","logo":{"@type":"ImageObject","inLanguage":"en-GB","@id":"https:\/\/www.beauty-academy.fr\/#\/schema\/logo\/image\/","url":"https:\/\/i0.wp.com\/www.beauty-academy.fr\/wp-content\/uploads\/2022\/05\/Design-sans-titre-62.png?fit=1563%2C494&ssl=1","contentUrl":"https:\/\/i0.wp.com\/www.beauty-academy.fr\/wp-content\/uploads\/2022\/05\/Design-sans-titre-62.png?fit=1563%2C494&ssl=1","width":1563,"height":494,"caption":"Beauty Academy Centre de Formation Esth\u00e9tique"},"image":{"@id":"https:\/\/www.beauty-academy.fr\/#\/schema\/logo\/image\/"}}]}},"jetpack_sharing_enabled":true,"_links":{"self":[{"href":"https:\/\/www.beauty-academy.fr\/en\/wp-json\/wp\/v2\/product\/4022","targetHints":{"allow":["GET"]}}],"collection":[{"href":"https:\/\/www.beauty-academy.fr\/en\/wp-json\/wp\/v2\/product"}],"about":[{"href":"https:\/\/www.beauty-academy.fr\/en\/wp-json\/wp\/v2\/types\/product"}],"replies":[{"embeddable":true,"href":"https:\/\/www.beauty-academy.fr\/en\/wp-json\/wp\/v2\/comments?post=4022"}],"version-history":[{"count":0,"href":"https:\/\/www.beauty-academy.fr\/en\/wp-json\/wp\/v2\/product\/4022\/revisions"}],"wp:featuredmedia":[{"embeddable":true,"href":"https:\/\/www.beauty-academy.fr\/en\/wp-json\/wp\/v2\/media\/2705"}],"wp:attachment":[{"href":"https:\/\/www.beauty-academy.fr\/en\/wp-json\/wp\/v2\/media?parent=4022"}],"wp:term":[{"taxonomy":"product_brand","embeddable":true,"href":"https:\/\/www.beauty-academy.fr\/en\/wp-json\/wp\/v2\/product_brand?post=4022"},{"taxonomy":"product_cat","embeddable":true,"href":"https:\/\/www.beauty-academy.fr\/en\/wp-json\/wp\/v2\/product_cat?post=4022"},{"taxonomy":"product_tag","embeddable":true,"href":"https:\/\/www.beauty-academy.fr\/en\/wp-json\/wp\/v2\/product_tag?post=4022"}],"curies":[{"name":"wp","href":"https:\/\/api.w.org\/{rel}","templated":true}]}}