{"id":4005,"date":"2023-10-28T15:43:10","date_gmt":"2023-10-28T13:43:10","guid":{"rendered":"https:\/\/www.beauty-academy.fr\/?post_type=product&#038;p=4005"},"modified":"2023-10-28T15:50:55","modified_gmt":"2023-10-28T13:50:55","slug":"up2-techniques-esthetiques-liees-aux-phaneres","status":"publish","type":"product","link":"https:\/\/www.beauty-academy.fr\/en\/product\/up2-techniques-esthetiques-liees-aux-phaneres\/","title":{"rendered":"UP2 Techniques esth\u00e9tiques li\u00e9es aux phan\u00e8res"},"content":{"rendered":"<h4 style=\"text-align: justify;\">Contenu<\/h4>\n<p><strong>R\u00e9sultats attendus :<\/strong><\/p>\n<p>Des cours sur tous les enseignements n\u00e9cessaires au passage de l\u2019examen du CAP, v\u00e9rifi\u00e9s par nos formateurs habilit\u00e9s et actualis\u00e9s en fonction des exigences de l&rsquo;Education Nationale. Pour la partie en E-learning vous aurez un suivi de votre rythme de travail tout le long de la dur\u00e9e de la formation, progressif et individualis\u00e9 par t\u00e9l\u00e9phone avec nos formateurs habilit\u00e9s et une s\u00e9ance de question r\u00e9ponse individuelle pour pr\u00e9parer l&rsquo;examen. D\u00e9s votre inscription, un lien comprenant vos identifiants de vos connexions, vous sera envoy\u00e9 pour vous inscrire sur notre plate-forme digitale et ainsi acc\u00e9der \u00e0 votre espace d\u00e9di\u00e9 \u00e0 la formation. Ce lien restera actif pendant la dur\u00e9e souscrite lors de votre inscription.<br \/>\nCette plate-forme digitale accessibles 24h\/24 et 7J\/7, vous permettra d&rsquo;acc\u00e9der aux S\u00e9quences de e-learning<br \/>\nA chaque fin de session vous aurez un QCM \u00e0 remplir. Il vous faudra obtenir la note de 85\/100 pour valider le QCM et passer \u00e0 la session suivante. A chaque fin de s\u00e9quence vous aurez un examen blanc bas\u00e9 sur des annales des ann\u00e9es pr\u00e9c\u00e9dentes. Il vous faudra obtenir la note de 85\/100 pour valider l&rsquo;examen et passer \u00e0 la session suivante.<\/p>\n<p><strong>P\u00f4le 2 : Techniques esth\u00e9tiques li\u00e9es aux phan\u00e8res<\/strong><\/p>\n<ul>\n<li>session 1 : R\u00e9alisation d&rsquo;une \u00e9pilation &#8211;<\/li>\n<li>session 2 : R\u00e9alisation d&rsquo;une coloration des cils ou sourcils \u2013<\/li>\n<li>session 3 : R\u00e9alisation de soins des ongles &#8211;<\/li>\n<li>session 4 : R\u00e9alisation de maquillage des ongles S\u00e9quence 3<\/li>\n<\/ul>\n<p>D\u00e8s votre inscription, un lien comprenant vos identifiants de vos connexions, vous seront envoy\u00e9 pour vous inscrire sur notre plate-forme digitale et ainsi acc\u00e9der \u00e0 votre espace d\u00e9di\u00e9 \u00e0 la formation. Ce lien restera actif pendant la dur\u00e9e souscrite lors de votre inscription. C\u2019est-\u00e0-dire \u00e0 vie sous r\u00e9serve des avanc\u00e9es technologiques. Cette plate-forme digitale accessibles 24h\/24 et 7J\/7, vous permettra d&rsquo;acc\u00e9der aux S\u00e9quences de e-learning. Dans votre espace e-Etudiant individuel vous pourrez : Suivre votre progression de travail. Une messagerie instantan\u00e9e int\u00e9gr\u00e9e \u00e0 votre parcours sur la plateforme pour poser vos questions en direct \u00e0 nos formateurs habilit\u00e9s.<\/p>\n<ul>\n<li>Des tutoriels vid\u00e9o pratiques Des unit\u00e9s de cours th\u00e9oriques. Un acc\u00e8s facilit\u00e9 aux stages gr\u00e2ce conventions de stage disponibles.<\/li>\n<li>D\u00e9tails des conditions sp\u00e9cifiques et pr\u00e9requis<\/li>\n<li>Inscription aux \u00e9preuves<\/li>\n<li>Vous devrez vous inscrire en tant que candidat libre afin de valider vos acquisitions du bloc de comp\u00e9tence suivi en vous rapprochant de l\u2019acad\u00e9mie de votre lieu d\u2019habitation ou via l&rsquo;assistance de notre service p\u00e9dagogique.<\/li>\n<li>Toutefois l\u2019apprenant peut obtenir un certificat du bloc suivi d\u00e8s lors que des vid\u00e9os du travail soumis seront envoy\u00e9s au centre.<\/li>\n<li>Nous v\u00e9rifions \u00e9galement vos attentes et vos objectifs<\/li>\n<li>Les modalit\u00e9s d\u2019\u00e9valuation sont d\u00e9crites dans les annexes de l\u2019arr\u00eat\u00e9 d\u00e9finissant les dipl\u00f4mes relatifs \u00e0 l\u2019\u00e9valuation (voir notamment le r\u00e8glement d\u2019examen et les d\u00e9finitions d\u2019\u00e9preuves).<\/li>\n<\/ul>\n<p><strong>D\u00e9bouch\u00e9s et poursuite d\u2019\u00e9tudes :<\/strong><\/p>\n<p>Le bloc UP2 \u00e0 une dur\u00e9e de validit\u00e9 de 5 ans, il vous permettra de pouvoir pr\u00e9senter le CAP Esth\u00e9tique qui est la voie d&rsquo;entr\u00e9e vers une multitude de sp\u00e9cialit\u00e9s et d\u00e9bouch\u00e9s :<\/p>\n<ul>\n<li>Poursuites d&rsquo;\u00e9tudes : BP Esth\u00e9tique, CQP (Spa Praticien, Spa Manager, Maquilleur Conseil Animateur et Styliste Ongulaire) ou Socio-Esth\u00e9tique, BTS Esth\u00e9tique<\/li>\n<li>D\u00e9bouch\u00e9s : possibilit\u00e9 d\u2019int\u00e9grer imm\u00e9diatement le monde du travail en tant qu\u2019Esth\u00e9ticien(ne) en institut ou \u00e0 domicile<\/li>\n<li>Pas de dipl\u00f4me \u00e9quivalent ni de passerelles.<\/li>\n<\/ul>\n<h4>Informations :<\/h4>\n<ul>\n<li style=\"text-align: justify;\">D\u00e9s votre inscription, un lien comprenant vos identifiants de vos connexions, vous sera envoy\u00e9 pour vous inscrire sur notre plate-forme digitale et ainsi acc\u00e9der \u00e0 votre espace d\u00e9di\u00e9 \u00e0 la formation.<\/li>\n<li style=\"text-align: justify;\">Ce lien restera actif pendant la dur\u00e9e souscrite lors de votre inscription. C\u2019est-\u00e0-dire \u00e0 vie sous r\u00e9serve des avanc\u00e9es technologiques.<\/li>\n<li style=\"text-align: justify;\">Cette plate-forme digitale accessibles 24h\/24 et 7J\/7 , vous permettra d&rsquo;acc\u00e9der aux S\u00e9quences de e-learning.<\/li>\n<li style=\"text-align: justify;\">Dans votre espace e-Etudiant individuel vous pourrez : Suivre votre progression de travail.<\/li>\n<li style=\"text-align: justify;\">Une messagerie instantan\u00e9e int\u00e9gr\u00e9e \u00e0 votre parcours sur la plateforme pour poser vos questions en direct \u00e0 nos formateurs habilit\u00e9s<\/li>\n<li style=\"text-align: justify;\">Des tutoriels vid\u00e9o pratiques Des unit\u00e9s de cours th\u00e9oriques.<\/li>\n<li style=\"text-align: justify;\">Un acc\u00e8s facilit\u00e9 aux stages gr\u00e2ce aux conventions de stage disponibles<\/li>\n<li>D\u00e9tails des conditions sp\u00e9cifiques et pr\u00e9requis<\/li>\n<li>Inscription aux \u00e9preuves<\/li>\n<li>Toutefois l\u2019apprenant peut obtenir un certificat du bloc suivi d\u00e8s lors que des vid\u00e9os du travail soumis seront envoy\u00e9s au centre de formation.<\/li>\n<li>Nous v\u00e9rifions \u00e9galement vos attentes et vos objectifs<\/li>\n<li>Les modalit\u00e9s d\u2019\u00e9valuation sont d\u00e9crites dans les annexes de l\u2019arr\u00eat\u00e9 d\u00e9finissant les dipl\u00f4mes relatifs \u00e0 l\u2019\u00e9valuation (voir notamment le r\u00e8glement d\u2019examen et les d\u00e9finitions d\u2019\u00e9preuves).<\/li>\n<\/ul>\n<h4 style=\"text-align: justify;\">Public en situation de handicap :<\/h4>\n<ul>\n<li style=\"text-align: justify;\">Les apprenants dont les handicaps sont de type visuel, auditif ou cognitif pourront n\u00e9cessiter une adaptation de leurs outils informatiques.<\/li>\n<li style=\"text-align: justify;\">Les s\u00e9quences de formation peuvent \u00eatre relues autant de fois que n\u00e9cessaire pour les apprenants ayant besoin de plus de temps, avec des pauses, par exemple.<\/li>\n<li style=\"text-align: justify;\">Les vid\u00e9os de la formation peuvent \u00e9galement \u00eatre\u00a0sous-titr\u00e9es.<\/li>\n<\/ul>","protected":false},"excerpt":{"rendered":"<p><strong>Aims:<\/strong><\/p>\n<ul>\n<li>Savoir r\u00e9aliser le soin des ongles<\/li>\n<li>Savoir r\u00e9aliser la pose de faux ongles<\/li>\n<li>Savoir r\u00e9aliser le maquillage des ongles<\/li>\n<li>Savoir r\u00e9aliser une \u00e9pilation<\/li>\n<\/ul>\n<p><strong>Points forts :<\/strong><\/p>\n<ul>\n<li>Respect du r\u00e9f\u00e9rentiel d&rsquo;Etat Plateforme accessible sur ordinateur, tablette Un accompagnement p\u00e9dagogique et technique.<\/li>\n<li>Des \u00e9valuations \u00e0 chaque fin de de session et s\u00e9quences permettant de v\u00e9rifier les acquis et le passage aux modules suivants<\/li>\n<\/ul>\n<p><strong>Biologie associ\u00e9es :<\/strong><\/p>\n<ul>\n<li>Base d&rsquo;\u00e9tude du corps humain Anatomie appliqu\u00e9es<\/li>\n<li>Pr\u00e9sentation du syst\u00e8me t\u00e9gumentaire &#8211; L&rsquo;\u00e9piderme &#8211; Le derme &#8211; l&rsquo;hypoderme &#8211; la vascularisation cutan\u00e9e &#8211; l&rsquo;innervation cutan\u00e9e &#8211; les annexes cutan\u00e9es<\/li>\n<\/ul>\n<p><strong>Dermatoligie appliquee &#8211; les affections des annexes cutan\u00e9es &#8211; Cosm\u00e9tologie<\/strong><\/p>\n<ul>\n<li>R\u00e9glementation des produits cosm\u00e9tiques et des produits d&rsquo;hygi\u00e8ne corporelle<\/li>\n<li>Composants des produits cosm\u00e9tiques et des produits d&rsquo;hygi\u00e8ne corporelle<\/li>\n<li>Les produits de manucurie et de beaut\u00e9 des pieds<\/li>\n<li>Les produits d&rsquo;\u00e9pilation<\/li>\n<li>Les produits pour coloration et d\u00e9coloration des cils et des sourcils &#8211;<\/li>\n<li>Technologie des appareils utilis\u00e9s dans les soins esth\u00e9tiques Instruments utilis\u00e9s dans les techniques esth\u00e9tiques<\/li>\n<li>Connaissance du milieu professionnel<\/li>\n<\/ul>","protected":false},"featured_media":2705,"comment_status":"closed","ping_status":"closed","template":"","meta":{"_acf_changed":false},"product_brand":[],"product_cat":[187],"product_tag":[259,258,260],"class_list":{"0":"post-4005","1":"product","2":"type-product","3":"status-publish","4":"has-post-thumbnail","6":"product_cat-formation-e-learning","7":"product_tag-des-mains-et-des-pieds","8":"product_tag-techniques-esthetiques-du-visage","9":"product_tag-up1","11":"first","12":"instock","13":"taxable","14":"shipping-taxable","15":"purchasable","16":"product-type-simple"},"acf":[],"yoast_head":"<!-- This site is optimized with the Yoast SEO plugin v27.5 - https:\/\/yoast.com\/product\/yoast-seo-wordpress\/ -->\n<title>UP2 Techniques esth\u00e9tiques li\u00e9es aux phan\u00e8res - Beauty Academy Centre de Formation Esth\u00e9tique<\/title>\n<meta name=\"robots\" content=\"index, follow, max-snippet:-1, max-image-preview:large, max-video-preview:-1\" \/>\n<link rel=\"canonical\" href=\"https:\/\/www.beauty-academy.fr\/en\/product\/up2-techniques-esthetiques-liees-aux-phaneres\/\" \/>\n<meta property=\"og:locale\" content=\"en_GB\" \/>\n<meta property=\"og:type\" content=\"article\" \/>\n<meta property=\"og:title\" content=\"UP2 Techniques esth\u00e9tiques li\u00e9es aux phan\u00e8res - Beauty Academy Centre de Formation Esth\u00e9tique\" \/>\n<meta property=\"og:description\" content=\"Objectifs :   Savoir r\u00e9aliser le soin des ongles  Savoir r\u00e9aliser la pose de faux ongles  Savoir r\u00e9aliser le maquillage des ongles  Savoir r\u00e9aliser une \u00e9pilation  Points forts :   Respect du r\u00e9f\u00e9rentiel d&#039;Etat Plateforme accessible sur ordinateur, tablette Un accompagnement p\u00e9dagogique et technique.  Des \u00e9valuations \u00e0 chaque fin de de session et s\u00e9quences permettant de v\u00e9rifier les acquis et le passage aux modules suivants  Biologie associ\u00e9es :   Base d&#039;\u00e9tude du corps humain Anatomie appliqu\u00e9es  Pr\u00e9sentation du syst\u00e8me t\u00e9gumentaire - L&#039;\u00e9piderme - Le derme - l&#039;hypoderme - la vascularisation cutan\u00e9e - l&#039;innervation cutan\u00e9e - les annexes cutan\u00e9es  Dermatoligie appliquee - les affections des annexes cutan\u00e9es - Cosm\u00e9tologie   R\u00e9glementation des produits cosm\u00e9tiques et des produits d&#039;hygi\u00e8ne corporelle  Composants des produits cosm\u00e9tiques et des produits d&#039;hygi\u00e8ne corporelle  Les produits de manucurie et de beaut\u00e9 des pieds  Les produits d&#039;\u00e9pilation  Les produits pour coloration et d\u00e9coloration des cils et des sourcils -  Technologie des appareils utilis\u00e9s dans les soins esth\u00e9tiques Instruments utilis\u00e9s dans les techniques esth\u00e9tiques  Connaissance du milieu professionnel\" \/>\n<meta property=\"og:url\" content=\"https:\/\/www.beauty-academy.fr\/en\/product\/up2-techniques-esthetiques-liees-aux-phaneres\/\" \/>\n<meta property=\"og:site_name\" content=\"Beauty Academy Centre de Formation Esth\u00e9tique\" \/>\n<meta property=\"article:modified_time\" content=\"2023-10-28T13:50:55+00:00\" \/>\n<meta property=\"og:image\" content=\"https:\/\/www.beauty-academy.fr\/wp-content\/uploads\/2023\/02\/12.png\" \/>\n\t<meta property=\"og:image:width\" content=\"1080\" \/>\n\t<meta property=\"og:image:height\" content=\"1080\" \/>\n\t<meta property=\"og:image:type\" content=\"image\/png\" \/>\n<meta name=\"twitter:card\" content=\"summary_large_image\" \/>\n<meta name=\"twitter:label1\" content=\"Estimated reading time\" \/>\n\t<meta name=\"twitter:data1\" content=\"4 minutes\" \/>\n<script type=\"application\/ld+json\" class=\"yoast-schema-graph\">{\"@context\":\"https:\\\/\\\/schema.org\",\"@graph\":[{\"@type\":\"WebPage\",\"@id\":\"https:\\\/\\\/www.beauty-academy.fr\\\/produit\\\/up2-techniques-esthetiques-liees-aux-phaneres\\\/\",\"url\":\"https:\\\/\\\/www.beauty-academy.fr\\\/produit\\\/up2-techniques-esthetiques-liees-aux-phaneres\\\/\",\"name\":\"UP2 Techniques esth\u00e9tiques li\u00e9es aux phan\u00e8res - Beauty Academy Centre de Formation Esth\u00e9tique\",\"isPartOf\":{\"@id\":\"https:\\\/\\\/www.beauty-academy.fr\\\/#website\"},\"primaryImageOfPage\":{\"@id\":\"https:\\\/\\\/www.beauty-academy.fr\\\/produit\\\/up2-techniques-esthetiques-liees-aux-phaneres\\\/#primaryimage\"},\"image\":{\"@id\":\"https:\\\/\\\/www.beauty-academy.fr\\\/produit\\\/up2-techniques-esthetiques-liees-aux-phaneres\\\/#primaryimage\"},\"thumbnailUrl\":\"https:\\\/\\\/i0.wp.com\\\/www.beauty-academy.fr\\\/wp-content\\\/uploads\\\/2023\\\/02\\\/12.png?fit=1080%2C1080&ssl=1\",\"datePublished\":\"2023-10-28T13:43:10+00:00\",\"dateModified\":\"2023-10-28T13:50:55+00:00\",\"breadcrumb\":{\"@id\":\"https:\\\/\\\/www.beauty-academy.fr\\\/produit\\\/up2-techniques-esthetiques-liees-aux-phaneres\\\/#breadcrumb\"},\"inLanguage\":\"en-GB\",\"potentialAction\":[{\"@type\":\"ReadAction\",\"target\":[\"https:\\\/\\\/www.beauty-academy.fr\\\/produit\\\/up2-techniques-esthetiques-liees-aux-phaneres\\\/\"]}]},{\"@type\":\"ImageObject\",\"inLanguage\":\"en-GB\",\"@id\":\"https:\\\/\\\/www.beauty-academy.fr\\\/produit\\\/up2-techniques-esthetiques-liees-aux-phaneres\\\/#primaryimage\",\"url\":\"https:\\\/\\\/i0.wp.com\\\/www.beauty-academy.fr\\\/wp-content\\\/uploads\\\/2023\\\/02\\\/12.png?fit=1080%2C1080&ssl=1\",\"contentUrl\":\"https:\\\/\\\/i0.wp.com\\\/www.beauty-academy.fr\\\/wp-content\\\/uploads\\\/2023\\\/02\\\/12.png?fit=1080%2C1080&ssl=1\",\"width\":1080,\"height\":1080},{\"@type\":\"BreadcrumbList\",\"@id\":\"https:\\\/\\\/www.beauty-academy.fr\\\/produit\\\/up2-techniques-esthetiques-liees-aux-phaneres\\\/#breadcrumb\",\"itemListElement\":[{\"@type\":\"ListItem\",\"position\":1,\"name\":\"Accueil\",\"item\":\"https:\\\/\\\/www.beauty-academy.fr\\\/\"},{\"@type\":\"ListItem\",\"position\":2,\"name\":\"Boutique\",\"item\":\"https:\\\/\\\/www.beauty-academy.fr\\\/boutique\\\/\"},{\"@type\":\"ListItem\",\"position\":3,\"name\":\"UP2 Techniques esth\u00e9tiques li\u00e9es aux phan\u00e8res\"}]},{\"@type\":\"WebSite\",\"@id\":\"https:\\\/\\\/www.beauty-academy.fr\\\/#website\",\"url\":\"https:\\\/\\\/www.beauty-academy.fr\\\/\",\"name\":\"Beauty Academy Centre de Formation Esth\u00e9tique\",\"description\":\"Centre de formation innovant pour tous les soins esth\u00e9tiques\",\"publisher\":{\"@id\":\"https:\\\/\\\/www.beauty-academy.fr\\\/#organization\"},\"potentialAction\":[{\"@type\":\"SearchAction\",\"target\":{\"@type\":\"EntryPoint\",\"urlTemplate\":\"https:\\\/\\\/www.beauty-academy.fr\\\/?s={search_term_string}\"},\"query-input\":{\"@type\":\"PropertyValueSpecification\",\"valueRequired\":true,\"valueName\":\"search_term_string\"}}],\"inLanguage\":\"en-GB\"},{\"@type\":\"Organization\",\"@id\":\"https:\\\/\\\/www.beauty-academy.fr\\\/#organization\",\"name\":\"Beauty Academy Centre de Formation Esth\u00e9tique\",\"url\":\"https:\\\/\\\/www.beauty-academy.fr\\\/\",\"logo\":{\"@type\":\"ImageObject\",\"inLanguage\":\"en-GB\",\"@id\":\"https:\\\/\\\/www.beauty-academy.fr\\\/#\\\/schema\\\/logo\\\/image\\\/\",\"url\":\"https:\\\/\\\/i0.wp.com\\\/www.beauty-academy.fr\\\/wp-content\\\/uploads\\\/2022\\\/05\\\/Design-sans-titre-62.png?fit=1563%2C494&ssl=1\",\"contentUrl\":\"https:\\\/\\\/i0.wp.com\\\/www.beauty-academy.fr\\\/wp-content\\\/uploads\\\/2022\\\/05\\\/Design-sans-titre-62.png?fit=1563%2C494&ssl=1\",\"width\":1563,\"height\":494,\"caption\":\"Beauty Academy Centre de Formation Esth\u00e9tique\"},\"image\":{\"@id\":\"https:\\\/\\\/www.beauty-academy.fr\\\/#\\\/schema\\\/logo\\\/image\\\/\"}}]}<\/script>\n<!-- \/ Yoast SEO plugin. -->","yoast_head_json":{"title":"UP2 Techniques esth\u00e9tiques li\u00e9es aux phan\u00e8res - Beauty Academy Centre de Formation Esth\u00e9tique","robots":{"index":"index","follow":"follow","max-snippet":"max-snippet:-1","max-image-preview":"max-image-preview:large","max-video-preview":"max-video-preview:-1"},"canonical":"https:\/\/www.beauty-academy.fr\/en\/product\/up2-techniques-esthetiques-liees-aux-phaneres\/","og_locale":"en_GB","og_type":"article","og_title":"UP2 Techniques esth\u00e9tiques li\u00e9es aux phan\u00e8res - Beauty Academy Centre de Formation Esth\u00e9tique","og_description":"Objectifs :   Savoir r\u00e9aliser le soin des ongles  Savoir r\u00e9aliser la pose de faux ongles  Savoir r\u00e9aliser le maquillage des ongles  Savoir r\u00e9aliser une \u00e9pilation  Points forts :   Respect du r\u00e9f\u00e9rentiel d'Etat Plateforme accessible sur ordinateur, tablette Un accompagnement p\u00e9dagogique et technique.  Des \u00e9valuations \u00e0 chaque fin de de session et s\u00e9quences permettant de v\u00e9rifier les acquis et le passage aux modules suivants  Biologie associ\u00e9es :   Base d'\u00e9tude du corps humain Anatomie appliqu\u00e9es  Pr\u00e9sentation du syst\u00e8me t\u00e9gumentaire - L'\u00e9piderme - Le derme - l'hypoderme - la vascularisation cutan\u00e9e - l'innervation cutan\u00e9e - les annexes cutan\u00e9es  Dermatoligie appliquee - les affections des annexes cutan\u00e9es - Cosm\u00e9tologie   R\u00e9glementation des produits cosm\u00e9tiques et des produits d'hygi\u00e8ne corporelle  Composants des produits cosm\u00e9tiques et des produits d'hygi\u00e8ne corporelle  Les produits de manucurie et de beaut\u00e9 des pieds  Les produits d'\u00e9pilation  Les produits pour coloration et d\u00e9coloration des cils et des sourcils -  Technologie des appareils utilis\u00e9s dans les soins esth\u00e9tiques Instruments utilis\u00e9s dans les techniques esth\u00e9tiques  Connaissance du milieu professionnel","og_url":"https:\/\/www.beauty-academy.fr\/en\/product\/up2-techniques-esthetiques-liees-aux-phaneres\/","og_site_name":"Beauty Academy Centre de Formation Esth\u00e9tique","article_modified_time":"2023-10-28T13:50:55+00:00","og_image":[{"width":1080,"height":1080,"url":"https:\/\/www.beauty-academy.fr\/wp-content\/uploads\/2023\/02\/12.png","type":"image\/png"}],"twitter_card":"summary_large_image","twitter_misc":{"Estimated reading time":"4 minutes"},"schema":{"@context":"https:\/\/schema.org","@graph":[{"@type":"WebPage","@id":"https:\/\/www.beauty-academy.fr\/produit\/up2-techniques-esthetiques-liees-aux-phaneres\/","url":"https:\/\/www.beauty-academy.fr\/produit\/up2-techniques-esthetiques-liees-aux-phaneres\/","name":"UP2 Techniques esth\u00e9tiques li\u00e9es aux phan\u00e8res - Beauty Academy Centre de Formation Esth\u00e9tique","isPartOf":{"@id":"https:\/\/www.beauty-academy.fr\/#website"},"primaryImageOfPage":{"@id":"https:\/\/www.beauty-academy.fr\/produit\/up2-techniques-esthetiques-liees-aux-phaneres\/#primaryimage"},"image":{"@id":"https:\/\/www.beauty-academy.fr\/produit\/up2-techniques-esthetiques-liees-aux-phaneres\/#primaryimage"},"thumbnailUrl":"https:\/\/i0.wp.com\/www.beauty-academy.fr\/wp-content\/uploads\/2023\/02\/12.png?fit=1080%2C1080&ssl=1","datePublished":"2023-10-28T13:43:10+00:00","dateModified":"2023-10-28T13:50:55+00:00","breadcrumb":{"@id":"https:\/\/www.beauty-academy.fr\/produit\/up2-techniques-esthetiques-liees-aux-phaneres\/#breadcrumb"},"inLanguage":"en-GB","potentialAction":[{"@type":"ReadAction","target":["https:\/\/www.beauty-academy.fr\/produit\/up2-techniques-esthetiques-liees-aux-phaneres\/"]}]},{"@type":"ImageObject","inLanguage":"en-GB","@id":"https:\/\/www.beauty-academy.fr\/produit\/up2-techniques-esthetiques-liees-aux-phaneres\/#primaryimage","url":"https:\/\/i0.wp.com\/www.beauty-academy.fr\/wp-content\/uploads\/2023\/02\/12.png?fit=1080%2C1080&ssl=1","contentUrl":"https:\/\/i0.wp.com\/www.beauty-academy.fr\/wp-content\/uploads\/2023\/02\/12.png?fit=1080%2C1080&ssl=1","width":1080,"height":1080},{"@type":"BreadcrumbList","@id":"https:\/\/www.beauty-academy.fr\/produit\/up2-techniques-esthetiques-liees-aux-phaneres\/#breadcrumb","itemListElement":[{"@type":"ListItem","position":1,"name":"Accueil","item":"https:\/\/www.beauty-academy.fr\/"},{"@type":"ListItem","position":2,"name":"Boutique","item":"https:\/\/www.beauty-academy.fr\/boutique\/"},{"@type":"ListItem","position":3,"name":"UP2 Techniques esth\u00e9tiques li\u00e9es aux phan\u00e8res"}]},{"@type":"WebSite","@id":"https:\/\/www.beauty-academy.fr\/#website","url":"https:\/\/www.beauty-academy.fr\/","name":"Beauty Academy Centre de Formation Esth\u00e9tique","description":"Centre de formation innovant pour tous les soins esth\u00e9tiques","publisher":{"@id":"https:\/\/www.beauty-academy.fr\/#organization"},"potentialAction":[{"@type":"SearchAction","target":{"@type":"EntryPoint","urlTemplate":"https:\/\/www.beauty-academy.fr\/?s={search_term_string}"},"query-input":{"@type":"PropertyValueSpecification","valueRequired":true,"valueName":"search_term_string"}}],"inLanguage":"en-GB"},{"@type":"Organization","@id":"https:\/\/www.beauty-academy.fr\/#organization","name":"Beauty Academy Centre de Formation Esth\u00e9tique","url":"https:\/\/www.beauty-academy.fr\/","logo":{"@type":"ImageObject","inLanguage":"en-GB","@id":"https:\/\/www.beauty-academy.fr\/#\/schema\/logo\/image\/","url":"https:\/\/i0.wp.com\/www.beauty-academy.fr\/wp-content\/uploads\/2022\/05\/Design-sans-titre-62.png?fit=1563%2C494&ssl=1","contentUrl":"https:\/\/i0.wp.com\/www.beauty-academy.fr\/wp-content\/uploads\/2022\/05\/Design-sans-titre-62.png?fit=1563%2C494&ssl=1","width":1563,"height":494,"caption":"Beauty Academy Centre de Formation Esth\u00e9tique"},"image":{"@id":"https:\/\/www.beauty-academy.fr\/#\/schema\/logo\/image\/"}}]}},"jetpack_sharing_enabled":true,"_links":{"self":[{"href":"https:\/\/www.beauty-academy.fr\/en\/wp-json\/wp\/v2\/product\/4005","targetHints":{"allow":["GET"]}}],"collection":[{"href":"https:\/\/www.beauty-academy.fr\/en\/wp-json\/wp\/v2\/product"}],"about":[{"href":"https:\/\/www.beauty-academy.fr\/en\/wp-json\/wp\/v2\/types\/product"}],"replies":[{"embeddable":true,"href":"https:\/\/www.beauty-academy.fr\/en\/wp-json\/wp\/v2\/comments?post=4005"}],"version-history":[{"count":0,"href":"https:\/\/www.beauty-academy.fr\/en\/wp-json\/wp\/v2\/product\/4005\/revisions"}],"wp:featuredmedia":[{"embeddable":true,"href":"https:\/\/www.beauty-academy.fr\/en\/wp-json\/wp\/v2\/media\/2705"}],"wp:attachment":[{"href":"https:\/\/www.beauty-academy.fr\/en\/wp-json\/wp\/v2\/media?parent=4005"}],"wp:term":[{"taxonomy":"product_brand","embeddable":true,"href":"https:\/\/www.beauty-academy.fr\/en\/wp-json\/wp\/v2\/product_brand?post=4005"},{"taxonomy":"product_cat","embeddable":true,"href":"https:\/\/www.beauty-academy.fr\/en\/wp-json\/wp\/v2\/product_cat?post=4005"},{"taxonomy":"product_tag","embeddable":true,"href":"https:\/\/www.beauty-academy.fr\/en\/wp-json\/wp\/v2\/product_tag?post=4005"}],"curies":[{"name":"wp","href":"https:\/\/api.w.org\/{rel}","templated":true}]}}