{"id":3224,"date":"2023-06-30T13:43:14","date_gmt":"2023-06-30T11:43:14","guid":{"rendered":"https:\/\/www.beauty-academy.fr\/?post_type=product&#038;p=3224"},"modified":"2023-10-27T15:02:51","modified_gmt":"2023-10-27T13:02:51","slug":"formation-detatouage-en-e-learning-copie","status":"publish","type":"product","link":"https:\/\/www.beauty-academy.fr\/en\/product\/formation-detatouage-en-e-learning-copie\/","title":{"rendered":"Formation D\u00e9tatouage en e-learning"},"content":{"rendered":"<div id=\"nav-share\" class=\"show\">\n<p>A l\u2019issue de cette formation, le stagiaire ma\u00eetrisera les\u00a0<b>techniques de la pose d\u2019extensions de cils<\/b>\u00a0sera en mesure de les pratiquer.<\/p>\n<ol>\n<li>\n<p>Acqu\u00e9rir une connaissance sur les bases de techniques de la D\u00e9pigmentation\u00a0: \u00ab D\u00e9tatouage\u00a0\u00bb<\/p>\n<\/li>\n<li>\n<p>Ma\u00eetriser les techniques du D\u00e9pigmentation\u00a0 \u2013 pratique visage et corps sans laser<\/p>\n<\/li>\n<\/ol>\n<p><b>Th\u00e9orie<\/b><\/p>\n<ul>\n<li>\n<p>Choix mat\u00e9riel en fonction du r\u00e9sultat \u00e0 obtenir<\/p>\n<\/li>\n<li>\n<p>Conna\u00eetre le mat\u00e9riel et le consommable indispensable \u00e0 la prestation<\/p>\n<\/li>\n<li>\n<p>Ma\u00eetrise des indications et contre-indications aux diff\u00e9rents protocoles<\/p>\n<\/li>\n<li>\n<p>Technique du d\u00e9tatouage<\/p>\n<ul>\n<li>\n<p>Ma\u00eetrise de la pratique du d\u00e9tatouage sans laser semi-permanent des sourcils, l\u00e8vres, yeux ou corps \u00e0 la lame en technique manuelle :<\/p>\n<ul>\n<li>\n<p>microblading ou<\/p>\n<\/li>\n<li>\n<p>dermopigmentation<\/p>\n<\/li>\n<\/ul>\n<\/li>\n<\/ul>\n<\/li>\n<\/ul>\n<ul>\n<li>\n<p>Apprentissage de la l\u00e9gislation li\u00e9e \u00e0 la pratique de la D\u00e9pigmentation<\/p>\n<\/li>\n<\/ul>\n<ul>\n<li>\n<p>Hygi\u00e8ne<\/p>\n<ul>\n<li>\n<p>Cabine &amp; Mat\u00e9riel<\/p>\n<ul>\n<li>\n<p>D\u00e9sinfection du mat\u00e9riel r\u00e9utilisable (pinces, ciseaux, brosses\u2026)<\/p>\n<\/li>\n<\/ul>\n<\/li>\n<\/ul>\n<\/li>\n<li>\n<p>S\u00e9curit\u00e9 &amp; Assurance<\/p>\n<\/li>\n<\/ul>\n<p><b>Mise en Pratique\u00a0<\/b><\/p>\n<ul>\n<li>\n<p>R\u00e9aliser un<\/p>\n<ul>\n<li>\n<p>microblading ou<\/p>\n<\/li>\n<li>\n<p>dermopigmentation<\/p>\n<\/li>\n<\/ul>\n<\/li>\n<\/ul>\n<ul>\n<li>\n<p>Prodiguer les bons conseils apr\u00e8s soin<\/p>\n<\/li>\n<\/ul>\n<p><strong>Aims:<\/strong><\/p>\n<\/div>\n<p>A l\u2019issue de la formation le participant sera capable de r\u00e9aliser une prestation de d\u00e9tatouage. Il apprendra le soin, la physiologie de la peau et la th\u00e9orie ainsi que toute la pratique en respectant les normes d\u2019hygi\u00e8ne en vigueur.<\/p>\n<p><strong>Assessment methods:<\/strong><\/p>\n<ul>\n<li>\n<p>MCQ during the training course<\/p>\n<\/li>\n<li>\n<p>Oral assessment during the training course<\/p>\n<\/li>\n<li>\n<p>Evaluation visant la qualification puis un entretien sera organis\u00e9 avec la formatrice pour r\u00e9pondre aux questions de l\u2019apprenant et valider la certification<\/p>\n<\/li>\n<\/ul>\n<p><strong>Methods used:<\/strong><\/p>\n<ul>\n<li>\n<p>P\u00e9dagogie interactive, active et ludique, supports, plateforme e-learning et vid\u00e9os<\/p>\n<\/li>\n<\/ul>\n<p><strong>Pre-requisites:<\/strong><\/p>\n<ul>\n<li>\n<p>Vous \u00eates appliqu\u00e9 (e), d\u00e9licat (e) et minutieux (se)<\/p>\n<\/li>\n<li>\n<p>Hygi\u00e8ne et salubrit\u00e9 indispensable pour pratiquer<\/p>\n<\/li>\n<\/ul>\n<h4>Informations :<\/h4>\n<ul>\n<li style=\"text-align: justify\">D\u00e9s votre inscription, un lien comprenant vos identifiants de vos connexions, vous sera envoy\u00e9 pour vous inscrire sur notre plate-forme digitale et ainsi acc\u00e9der \u00e0 votre espace d\u00e9di\u00e9 \u00e0 la formation.<\/li>\n<li style=\"text-align: justify\">Ce lien restera actif pendant la dur\u00e9e souscrite lors de votre inscription. C\u2019est-\u00e0-dire \u00e0 vie sous r\u00e9serve des avanc\u00e9es technologiques.<\/li>\n<li style=\"text-align: justify\">Cette plate-forme digitale accessibles 24h\/24 et 7J\/7 , vous permettra d&rsquo;acc\u00e9der aux S\u00e9quences de e-learning.<\/li>\n<li style=\"text-align: justify\">Dans votre espace e-Etudiant individuel vous pourrez : Suivre votre progression de travail.<\/li>\n<li style=\"text-align: justify\">Une messagerie instantan\u00e9e int\u00e9gr\u00e9e \u00e0 votre parcours sur la plateforme pour poser vos questions en direct \u00e0 nos formateurs habilit\u00e9s<\/li>\n<li style=\"text-align: justify\">Des tutoriels vid\u00e9o pratiques Des unit\u00e9s de cours th\u00e9oriques.<\/li>\n<li style=\"text-align: justify\">Un acc\u00e8s facilit\u00e9 aux stages gr\u00e2ce aux conventions de stage disponibles<\/li>\n<li>Pour obtenir votre certificat, vous devez nous transmettre une vid\u00e9o de votre prestation afin de v\u00e9rifier qu&rsquo;elle est conforme au protocole.<\/li>\n<\/ul>\n<h4 style=\"text-align: justify\">Public en situation de handicap :<\/h4>\n<ul>\n<li style=\"text-align: justify\">Les apprenants dont les handicaps sont de type visuel, auditif ou cognitif pourront n\u00e9cessiter une adaptation de leurs outils informatiques.<\/li>\n<li style=\"text-align: justify\">Les s\u00e9quences de formation peuvent \u00eatre relues autant de fois que n\u00e9cessaire pour les apprenants ayant besoin de plus de temps, avec des pauses, par exemple.<\/li>\n<li style=\"text-align: justify\">Les vid\u00e9os de la formation peuvent \u00e9galement \u00eatre\u00a0sous-titr\u00e9es.<\/li>\n<\/ul>","protected":false},"excerpt":{"rendered":"<h6 class=\"share-ctn\">Technique originale et \u00e9tonnante, le candy lips est une des derni\u00e8res nouveaut\u00e9s en mati\u00e8re de maquillage tendance actuelle sur les r\u00e9seaux sociaux. Inspir\u00e9e des vid\u00e9os et des profils des influenceurs sur le web, cette technique semi permanente\u00a0 de d\u00e9tatouage semble s\u00e9duire de plus en plus de personnes qui l\u2019adoptent pour des raisons vari\u00e9es. Venez vous former au d\u00e9tatouage.<\/h6>\n<p style=\"text-align: justify;\"><strong>Besoin de plus d&rsquo;informations, n&rsquo;h\u00e9sitez pas \u00e0 nous contacter :<\/strong><\/p>\n<p style=\"text-align: right;\"><a class=\"maxbutton-1 maxbutton maxbutton-contact\" target=\"_blank\" rel=\"noopener\" href=\"\/en\/contact\/#form\"><span class='mb-text'>CONTACTEZ-NOUS !<\/span><\/a><\/p>\n<p>&nbsp;<\/p>","protected":false},"featured_media":3215,"comment_status":"closed","ping_status":"closed","template":"","meta":{"_acf_changed":false},"product_brand":[],"product_cat":[187],"product_tag":[189,185],"class_list":{"0":"post-3224","1":"product","2":"type-product","3":"status-publish","4":"has-post-thumbnail","6":"product_cat-formation-e-learning","7":"product_tag-sante","8":"product_tag-visage","10":"first","11":"instock","12":"taxable","13":"shipping-taxable","14":"purchasable","15":"product-type-simple"},"acf":[],"yoast_head":"<!-- This site is optimized with the Yoast SEO plugin v27.5 - https:\/\/yoast.com\/product\/yoast-seo-wordpress\/ -->\n<title>Formation D\u00e9tatouage en e-learning - Beauty Academy Centre de Formation Esth\u00e9tique<\/title>\n<meta name=\"description\" content=\"Formation d\u00e9tatouage en e-learning\" \/>\n<meta name=\"robots\" content=\"index, follow, max-snippet:-1, max-image-preview:large, max-video-preview:-1\" \/>\n<link rel=\"canonical\" href=\"https:\/\/www.beauty-academy.fr\/en\/product\/formation-detatouage-en-e-learning-copie\/\" \/>\n<meta property=\"og:locale\" content=\"en_GB\" \/>\n<meta property=\"og:type\" content=\"article\" \/>\n<meta property=\"og:title\" content=\"Formation D\u00e9tatouage en e-learning - Beauty Academy Centre de Formation Esth\u00e9tique\" \/>\n<meta property=\"og:description\" content=\"Formation d\u00e9tatouage en e-learning\" \/>\n<meta property=\"og:url\" content=\"https:\/\/www.beauty-academy.fr\/en\/product\/formation-detatouage-en-e-learning-copie\/\" \/>\n<meta property=\"og:site_name\" content=\"Beauty Academy Centre de Formation Esth\u00e9tique\" \/>\n<meta property=\"article:modified_time\" content=\"2023-10-27T13:02:51+00:00\" \/>\n<meta property=\"og:image\" content=\"https:\/\/www.beauty-academy.fr\/wp-content\/uploads\/2023\/06\/detatouage.jpg\" \/>\n\t<meta property=\"og:image:width\" content=\"800\" \/>\n\t<meta property=\"og:image:height\" content=\"800\" \/>\n\t<meta property=\"og:image:type\" content=\"image\/jpeg\" \/>\n<meta name=\"twitter:card\" content=\"summary_large_image\" \/>\n<meta name=\"twitter:label1\" content=\"Estimated reading time\" \/>\n\t<meta name=\"twitter:data1\" content=\"2 minutes\" \/>\n<script type=\"application\/ld+json\" class=\"yoast-schema-graph\">{\"@context\":\"https:\\\/\\\/schema.org\",\"@graph\":[{\"@type\":\"WebPage\",\"@id\":\"https:\\\/\\\/www.beauty-academy.fr\\\/produit\\\/formation-detatouage-en-e-learning-copie\\\/\",\"url\":\"https:\\\/\\\/www.beauty-academy.fr\\\/produit\\\/formation-detatouage-en-e-learning-copie\\\/\",\"name\":\"Formation D\u00e9tatouage en e-learning - Beauty Academy Centre de Formation Esth\u00e9tique\",\"isPartOf\":{\"@id\":\"https:\\\/\\\/www.beauty-academy.fr\\\/#website\"},\"primaryImageOfPage\":{\"@id\":\"https:\\\/\\\/www.beauty-academy.fr\\\/produit\\\/formation-detatouage-en-e-learning-copie\\\/#primaryimage\"},\"image\":{\"@id\":\"https:\\\/\\\/www.beauty-academy.fr\\\/produit\\\/formation-detatouage-en-e-learning-copie\\\/#primaryimage\"},\"thumbnailUrl\":\"https:\\\/\\\/i0.wp.com\\\/www.beauty-academy.fr\\\/wp-content\\\/uploads\\\/2023\\\/06\\\/detatouage.jpg?fit=800%2C800&ssl=1\",\"datePublished\":\"2023-06-30T11:43:14+00:00\",\"dateModified\":\"2023-10-27T13:02:51+00:00\",\"description\":\"Formation d\u00e9tatouage en e-learning\",\"breadcrumb\":{\"@id\":\"https:\\\/\\\/www.beauty-academy.fr\\\/produit\\\/formation-detatouage-en-e-learning-copie\\\/#breadcrumb\"},\"inLanguage\":\"en-GB\",\"potentialAction\":[{\"@type\":\"ReadAction\",\"target\":[\"https:\\\/\\\/www.beauty-academy.fr\\\/produit\\\/formation-detatouage-en-e-learning-copie\\\/\"]}]},{\"@type\":\"ImageObject\",\"inLanguage\":\"en-GB\",\"@id\":\"https:\\\/\\\/www.beauty-academy.fr\\\/produit\\\/formation-detatouage-en-e-learning-copie\\\/#primaryimage\",\"url\":\"https:\\\/\\\/i0.wp.com\\\/www.beauty-academy.fr\\\/wp-content\\\/uploads\\\/2023\\\/06\\\/detatouage.jpg?fit=800%2C800&ssl=1\",\"contentUrl\":\"https:\\\/\\\/i0.wp.com\\\/www.beauty-academy.fr\\\/wp-content\\\/uploads\\\/2023\\\/06\\\/detatouage.jpg?fit=800%2C800&ssl=1\",\"width\":800,\"height\":800},{\"@type\":\"BreadcrumbList\",\"@id\":\"https:\\\/\\\/www.beauty-academy.fr\\\/produit\\\/formation-detatouage-en-e-learning-copie\\\/#breadcrumb\",\"itemListElement\":[{\"@type\":\"ListItem\",\"position\":1,\"name\":\"Accueil\",\"item\":\"https:\\\/\\\/www.beauty-academy.fr\\\/\"},{\"@type\":\"ListItem\",\"position\":2,\"name\":\"Boutique\",\"item\":\"https:\\\/\\\/www.beauty-academy.fr\\\/boutique\\\/\"},{\"@type\":\"ListItem\",\"position\":3,\"name\":\"Formation D\u00e9tatouage en e-learning\"}]},{\"@type\":\"WebSite\",\"@id\":\"https:\\\/\\\/www.beauty-academy.fr\\\/#website\",\"url\":\"https:\\\/\\\/www.beauty-academy.fr\\\/\",\"name\":\"Beauty Academy Centre de Formation Esth\u00e9tique\",\"description\":\"Centre de formation innovant pour tous les soins esth\u00e9tiques\",\"publisher\":{\"@id\":\"https:\\\/\\\/www.beauty-academy.fr\\\/#organization\"},\"potentialAction\":[{\"@type\":\"SearchAction\",\"target\":{\"@type\":\"EntryPoint\",\"urlTemplate\":\"https:\\\/\\\/www.beauty-academy.fr\\\/?s={search_term_string}\"},\"query-input\":{\"@type\":\"PropertyValueSpecification\",\"valueRequired\":true,\"valueName\":\"search_term_string\"}}],\"inLanguage\":\"en-GB\"},{\"@type\":\"Organization\",\"@id\":\"https:\\\/\\\/www.beauty-academy.fr\\\/#organization\",\"name\":\"Beauty Academy Centre de Formation Esth\u00e9tique\",\"url\":\"https:\\\/\\\/www.beauty-academy.fr\\\/\",\"logo\":{\"@type\":\"ImageObject\",\"inLanguage\":\"en-GB\",\"@id\":\"https:\\\/\\\/www.beauty-academy.fr\\\/#\\\/schema\\\/logo\\\/image\\\/\",\"url\":\"https:\\\/\\\/i0.wp.com\\\/www.beauty-academy.fr\\\/wp-content\\\/uploads\\\/2022\\\/05\\\/Design-sans-titre-62.png?fit=1563%2C494&ssl=1\",\"contentUrl\":\"https:\\\/\\\/i0.wp.com\\\/www.beauty-academy.fr\\\/wp-content\\\/uploads\\\/2022\\\/05\\\/Design-sans-titre-62.png?fit=1563%2C494&ssl=1\",\"width\":1563,\"height\":494,\"caption\":\"Beauty Academy Centre de Formation Esth\u00e9tique\"},\"image\":{\"@id\":\"https:\\\/\\\/www.beauty-academy.fr\\\/#\\\/schema\\\/logo\\\/image\\\/\"}}]}<\/script>\n<!-- \/ Yoast SEO plugin. -->","yoast_head_json":{"title":"Formation D\u00e9tatouage en e-learning - Beauty Academy Centre de Formation Esth\u00e9tique","description":"Formation d\u00e9tatouage en e-learning","robots":{"index":"index","follow":"follow","max-snippet":"max-snippet:-1","max-image-preview":"max-image-preview:large","max-video-preview":"max-video-preview:-1"},"canonical":"https:\/\/www.beauty-academy.fr\/en\/product\/formation-detatouage-en-e-learning-copie\/","og_locale":"en_GB","og_type":"article","og_title":"Formation D\u00e9tatouage en e-learning - Beauty Academy Centre de Formation Esth\u00e9tique","og_description":"Formation d\u00e9tatouage en e-learning","og_url":"https:\/\/www.beauty-academy.fr\/en\/product\/formation-detatouage-en-e-learning-copie\/","og_site_name":"Beauty Academy Centre de Formation Esth\u00e9tique","article_modified_time":"2023-10-27T13:02:51+00:00","og_image":[{"width":800,"height":800,"url":"https:\/\/www.beauty-academy.fr\/wp-content\/uploads\/2023\/06\/detatouage.jpg","type":"image\/jpeg"}],"twitter_card":"summary_large_image","twitter_misc":{"Estimated reading time":"2 minutes"},"schema":{"@context":"https:\/\/schema.org","@graph":[{"@type":"WebPage","@id":"https:\/\/www.beauty-academy.fr\/produit\/formation-detatouage-en-e-learning-copie\/","url":"https:\/\/www.beauty-academy.fr\/produit\/formation-detatouage-en-e-learning-copie\/","name":"Formation D\u00e9tatouage en e-learning - Beauty Academy Centre de Formation Esth\u00e9tique","isPartOf":{"@id":"https:\/\/www.beauty-academy.fr\/#website"},"primaryImageOfPage":{"@id":"https:\/\/www.beauty-academy.fr\/produit\/formation-detatouage-en-e-learning-copie\/#primaryimage"},"image":{"@id":"https:\/\/www.beauty-academy.fr\/produit\/formation-detatouage-en-e-learning-copie\/#primaryimage"},"thumbnailUrl":"https:\/\/i0.wp.com\/www.beauty-academy.fr\/wp-content\/uploads\/2023\/06\/detatouage.jpg?fit=800%2C800&ssl=1","datePublished":"2023-06-30T11:43:14+00:00","dateModified":"2023-10-27T13:02:51+00:00","description":"Formation d\u00e9tatouage en e-learning","breadcrumb":{"@id":"https:\/\/www.beauty-academy.fr\/produit\/formation-detatouage-en-e-learning-copie\/#breadcrumb"},"inLanguage":"en-GB","potentialAction":[{"@type":"ReadAction","target":["https:\/\/www.beauty-academy.fr\/produit\/formation-detatouage-en-e-learning-copie\/"]}]},{"@type":"ImageObject","inLanguage":"en-GB","@id":"https:\/\/www.beauty-academy.fr\/produit\/formation-detatouage-en-e-learning-copie\/#primaryimage","url":"https:\/\/i0.wp.com\/www.beauty-academy.fr\/wp-content\/uploads\/2023\/06\/detatouage.jpg?fit=800%2C800&ssl=1","contentUrl":"https:\/\/i0.wp.com\/www.beauty-academy.fr\/wp-content\/uploads\/2023\/06\/detatouage.jpg?fit=800%2C800&ssl=1","width":800,"height":800},{"@type":"BreadcrumbList","@id":"https:\/\/www.beauty-academy.fr\/produit\/formation-detatouage-en-e-learning-copie\/#breadcrumb","itemListElement":[{"@type":"ListItem","position":1,"name":"Accueil","item":"https:\/\/www.beauty-academy.fr\/"},{"@type":"ListItem","position":2,"name":"Boutique","item":"https:\/\/www.beauty-academy.fr\/boutique\/"},{"@type":"ListItem","position":3,"name":"Formation D\u00e9tatouage en e-learning"}]},{"@type":"WebSite","@id":"https:\/\/www.beauty-academy.fr\/#website","url":"https:\/\/www.beauty-academy.fr\/","name":"Beauty Academy Centre de Formation Esth\u00e9tique","description":"Centre de formation innovant pour tous les soins esth\u00e9tiques","publisher":{"@id":"https:\/\/www.beauty-academy.fr\/#organization"},"potentialAction":[{"@type":"SearchAction","target":{"@type":"EntryPoint","urlTemplate":"https:\/\/www.beauty-academy.fr\/?s={search_term_string}"},"query-input":{"@type":"PropertyValueSpecification","valueRequired":true,"valueName":"search_term_string"}}],"inLanguage":"en-GB"},{"@type":"Organization","@id":"https:\/\/www.beauty-academy.fr\/#organization","name":"Beauty Academy Centre de Formation Esth\u00e9tique","url":"https:\/\/www.beauty-academy.fr\/","logo":{"@type":"ImageObject","inLanguage":"en-GB","@id":"https:\/\/www.beauty-academy.fr\/#\/schema\/logo\/image\/","url":"https:\/\/i0.wp.com\/www.beauty-academy.fr\/wp-content\/uploads\/2022\/05\/Design-sans-titre-62.png?fit=1563%2C494&ssl=1","contentUrl":"https:\/\/i0.wp.com\/www.beauty-academy.fr\/wp-content\/uploads\/2022\/05\/Design-sans-titre-62.png?fit=1563%2C494&ssl=1","width":1563,"height":494,"caption":"Beauty Academy Centre de Formation Esth\u00e9tique"},"image":{"@id":"https:\/\/www.beauty-academy.fr\/#\/schema\/logo\/image\/"}}]}},"jetpack_sharing_enabled":true,"_links":{"self":[{"href":"https:\/\/www.beauty-academy.fr\/en\/wp-json\/wp\/v2\/product\/3224","targetHints":{"allow":["GET"]}}],"collection":[{"href":"https:\/\/www.beauty-academy.fr\/en\/wp-json\/wp\/v2\/product"}],"about":[{"href":"https:\/\/www.beauty-academy.fr\/en\/wp-json\/wp\/v2\/types\/product"}],"replies":[{"embeddable":true,"href":"https:\/\/www.beauty-academy.fr\/en\/wp-json\/wp\/v2\/comments?post=3224"}],"version-history":[{"count":0,"href":"https:\/\/www.beauty-academy.fr\/en\/wp-json\/wp\/v2\/product\/3224\/revisions"}],"wp:featuredmedia":[{"embeddable":true,"href":"https:\/\/www.beauty-academy.fr\/en\/wp-json\/wp\/v2\/media\/3215"}],"wp:attachment":[{"href":"https:\/\/www.beauty-academy.fr\/en\/wp-json\/wp\/v2\/media?parent=3224"}],"wp:term":[{"taxonomy":"product_brand","embeddable":true,"href":"https:\/\/www.beauty-academy.fr\/en\/wp-json\/wp\/v2\/product_brand?post=3224"},{"taxonomy":"product_cat","embeddable":true,"href":"https:\/\/www.beauty-academy.fr\/en\/wp-json\/wp\/v2\/product_cat?post=3224"},{"taxonomy":"product_tag","embeddable":true,"href":"https:\/\/www.beauty-academy.fr\/en\/wp-json\/wp\/v2\/product_tag?post=3224"}],"curies":[{"name":"wp","href":"https:\/\/api.w.org\/{rel}","templated":true}]}}