{"id":2806,"date":"2023-03-21T22:08:27","date_gmt":"2023-03-21T21:08:27","guid":{"rendered":"https:\/\/www.beauty-academy.fr\/produit\/formation-kobido-participation-a-la-formation-autofinancement-70000e\/"},"modified":"2023-10-27T15:11:23","modified_gmt":"2023-10-27T13:11:23","slug":"formation-kobido-participation-a-la-formation-autofinancement-70000e","status":"publish","type":"product","link":"https:\/\/www.beauty-academy.fr\/en\/product\/formation-kobido-participation-a-la-formation-autofinancement-70000e\/","title":{"rendered":"Formation Kobido: Participation \u00e0 la formation autofinancement 700,00\u20ac"},"content":{"rendered":"<h4>Informations :<\/h4>\n<ul>\n<li style=\"text-align: justify\">D\u00e9s votre inscription, un lien comprenant vos identifiants de vos connexions, vous sera envoy\u00e9 pour vous inscrire sur notre plate-forme digitale et ainsi acc\u00e9der \u00e0 votre espace d\u00e9di\u00e9 \u00e0 la formation.<\/li>\n<li style=\"text-align: justify\">Ce lien restera actif pendant la dur\u00e9e souscrite lors de votre inscription. C\u2019est-\u00e0-dire \u00e0 vie sous r\u00e9serve des avanc\u00e9es technologiques.<\/li>\n<li style=\"text-align: justify\">Cette plate-forme digitale accessibles 24h\/24 et 7J\/7 , vous permettra d&rsquo;acc\u00e9der aux S\u00e9quences de e-learning.<\/li>\n<li style=\"text-align: justify\">Dans votre espace e-Etudiant individuel vous pourrez : Suivre votre progression de travail.<\/li>\n<li style=\"text-align: justify\">Une messagerie instantan\u00e9e int\u00e9gr\u00e9e \u00e0 votre parcours sur la plateforme pour poser vos questions en direct \u00e0 nos formateurs habilit\u00e9s<\/li>\n<li style=\"text-align: justify\">Des tutoriels vid\u00e9o pratiques Des unit\u00e9s de cours th\u00e9oriques.<\/li>\n<li style=\"text-align: justify\">Un acc\u00e8s facilit\u00e9 aux stages gr\u00e2ce aux conventions de stage disponibles<\/li>\n<li>Pour obtenir votre certificat, vous devez nous transmettre une vid\u00e9o de votre prestation afin de v\u00e9rifier qu&rsquo;elle est conforme au protocole.<\/li>\n<\/ul>\n<h4 style=\"text-align: justify\">Public en situation de handicap :<\/h4>\n<ul>\n<li style=\"text-align: justify\">Les apprenants dont les handicaps sont de type visuel, auditif ou cognitif pourront n\u00e9cessiter une adaptation de leurs outils informatiques.<\/li>\n<li style=\"text-align: justify\">Les s\u00e9quences de formation peuvent \u00eatre relues autant de fois que n\u00e9cessaire pour les apprenants ayant besoin de plus de temps, avec des pauses, par exemple.<\/li>\n<li style=\"text-align: justify\">Les vid\u00e9os de la formation peuvent \u00e9galement \u00eatre\u00a0sous-titr\u00e9es.<\/li>\n<\/ul>","protected":false},"excerpt":{"rendered":"<p>Formation Kobido<\/p>","protected":false},"featured_media":0,"comment_status":"open","ping_status":"closed","template":"","meta":{"_acf_changed":false},"product_brand":[],"product_cat":[126],"product_tag":[],"class_list":{"0":"post-2806","1":"product","2":"type-product","3":"status-publish","5":"product_cat-non-classe","7":"first","8":"instock","9":"virtual","10":"taxable","11":"purchasable","12":"product-type-simple"},"acf":[],"yoast_head":"<!-- This site is optimized with the Yoast SEO plugin v27.5 - https:\/\/yoast.com\/product\/yoast-seo-wordpress\/ -->\n<title>Formation Kobido: Participation \u00e0 la formation autofinancement 700,00\u20ac - Beauty Academy Centre de Formation Esth\u00e9tique<\/title>\n<meta name=\"robots\" content=\"index, follow, max-snippet:-1, max-image-preview:large, max-video-preview:-1\" \/>\n<link rel=\"canonical\" href=\"https:\/\/www.beauty-academy.fr\/en\/product\/formation-kobido-participation-a-la-formation-autofinancement-70000e\/\" \/>\n<meta property=\"og:locale\" content=\"en_GB\" \/>\n<meta property=\"og:type\" content=\"article\" \/>\n<meta property=\"og:title\" content=\"Formation Kobido: Participation \u00e0 la formation autofinancement 700,00\u20ac - Beauty Academy Centre de Formation Esth\u00e9tique\" \/>\n<meta property=\"og:description\" content=\"Formation Kobido\" \/>\n<meta property=\"og:url\" content=\"https:\/\/www.beauty-academy.fr\/en\/product\/formation-kobido-participation-a-la-formation-autofinancement-70000e\/\" \/>\n<meta property=\"og:site_name\" content=\"Beauty Academy Centre de Formation Esth\u00e9tique\" \/>\n<meta property=\"article:modified_time\" content=\"2023-10-27T13:11:23+00:00\" \/>\n<meta name=\"twitter:card\" content=\"summary_large_image\" \/>\n<meta name=\"twitter:label1\" content=\"Estimated reading time\" \/>\n\t<meta name=\"twitter:data1\" content=\"1 minute\" \/>\n<script type=\"application\/ld+json\" class=\"yoast-schema-graph\">{\"@context\":\"https:\\\/\\\/schema.org\",\"@graph\":[{\"@type\":\"WebPage\",\"@id\":\"https:\\\/\\\/www.beauty-academy.fr\\\/produit\\\/formation-kobido-participation-a-la-formation-autofinancement-70000e\\\/\",\"url\":\"https:\\\/\\\/www.beauty-academy.fr\\\/produit\\\/formation-kobido-participation-a-la-formation-autofinancement-70000e\\\/\",\"name\":\"Formation Kobido: Participation \u00e0 la formation autofinancement 700,00\u20ac - Beauty Academy Centre de Formation Esth\u00e9tique\",\"isPartOf\":{\"@id\":\"https:\\\/\\\/www.beauty-academy.fr\\\/#website\"},\"datePublished\":\"2023-03-21T21:08:27+00:00\",\"dateModified\":\"2023-10-27T13:11:23+00:00\",\"breadcrumb\":{\"@id\":\"https:\\\/\\\/www.beauty-academy.fr\\\/produit\\\/formation-kobido-participation-a-la-formation-autofinancement-70000e\\\/#breadcrumb\"},\"inLanguage\":\"en-GB\",\"potentialAction\":[{\"@type\":\"ReadAction\",\"target\":[\"https:\\\/\\\/www.beauty-academy.fr\\\/produit\\\/formation-kobido-participation-a-la-formation-autofinancement-70000e\\\/\"]}]},{\"@type\":\"BreadcrumbList\",\"@id\":\"https:\\\/\\\/www.beauty-academy.fr\\\/produit\\\/formation-kobido-participation-a-la-formation-autofinancement-70000e\\\/#breadcrumb\",\"itemListElement\":[{\"@type\":\"ListItem\",\"position\":1,\"name\":\"Accueil\",\"item\":\"https:\\\/\\\/www.beauty-academy.fr\\\/\"},{\"@type\":\"ListItem\",\"position\":2,\"name\":\"Boutique\",\"item\":\"https:\\\/\\\/www.beauty-academy.fr\\\/boutique\\\/\"},{\"@type\":\"ListItem\",\"position\":3,\"name\":\"Formation Kobido: Participation \u00e0 la formation autofinancement 700,00\u20ac\"}]},{\"@type\":\"WebSite\",\"@id\":\"https:\\\/\\\/www.beauty-academy.fr\\\/#website\",\"url\":\"https:\\\/\\\/www.beauty-academy.fr\\\/\",\"name\":\"Beauty Academy Centre de Formation Esth\u00e9tique\",\"description\":\"Centre de formation innovant pour tous les soins esth\u00e9tiques\",\"publisher\":{\"@id\":\"https:\\\/\\\/www.beauty-academy.fr\\\/#organization\"},\"potentialAction\":[{\"@type\":\"SearchAction\",\"target\":{\"@type\":\"EntryPoint\",\"urlTemplate\":\"https:\\\/\\\/www.beauty-academy.fr\\\/?s={search_term_string}\"},\"query-input\":{\"@type\":\"PropertyValueSpecification\",\"valueRequired\":true,\"valueName\":\"search_term_string\"}}],\"inLanguage\":\"en-GB\"},{\"@type\":\"Organization\",\"@id\":\"https:\\\/\\\/www.beauty-academy.fr\\\/#organization\",\"name\":\"Beauty Academy Centre de Formation Esth\u00e9tique\",\"url\":\"https:\\\/\\\/www.beauty-academy.fr\\\/\",\"logo\":{\"@type\":\"ImageObject\",\"inLanguage\":\"en-GB\",\"@id\":\"https:\\\/\\\/www.beauty-academy.fr\\\/#\\\/schema\\\/logo\\\/image\\\/\",\"url\":\"https:\\\/\\\/i0.wp.com\\\/www.beauty-academy.fr\\\/wp-content\\\/uploads\\\/2022\\\/05\\\/Design-sans-titre-62.png?fit=1563%2C494&ssl=1\",\"contentUrl\":\"https:\\\/\\\/i0.wp.com\\\/www.beauty-academy.fr\\\/wp-content\\\/uploads\\\/2022\\\/05\\\/Design-sans-titre-62.png?fit=1563%2C494&ssl=1\",\"width\":1563,\"height\":494,\"caption\":\"Beauty Academy Centre de Formation Esth\u00e9tique\"},\"image\":{\"@id\":\"https:\\\/\\\/www.beauty-academy.fr\\\/#\\\/schema\\\/logo\\\/image\\\/\"}}]}<\/script>\n<!-- \/ Yoast SEO plugin. -->","yoast_head_json":{"title":"Formation Kobido: Participation \u00e0 la formation autofinancement 700,00\u20ac - Beauty Academy Centre de Formation Esth\u00e9tique","robots":{"index":"index","follow":"follow","max-snippet":"max-snippet:-1","max-image-preview":"max-image-preview:large","max-video-preview":"max-video-preview:-1"},"canonical":"https:\/\/www.beauty-academy.fr\/en\/product\/formation-kobido-participation-a-la-formation-autofinancement-70000e\/","og_locale":"en_GB","og_type":"article","og_title":"Formation Kobido: Participation \u00e0 la formation autofinancement 700,00\u20ac - Beauty Academy Centre de Formation Esth\u00e9tique","og_description":"Formation Kobido","og_url":"https:\/\/www.beauty-academy.fr\/en\/product\/formation-kobido-participation-a-la-formation-autofinancement-70000e\/","og_site_name":"Beauty Academy Centre de Formation Esth\u00e9tique","article_modified_time":"2023-10-27T13:11:23+00:00","twitter_card":"summary_large_image","twitter_misc":{"Estimated reading time":"1 minute"},"schema":{"@context":"https:\/\/schema.org","@graph":[{"@type":"WebPage","@id":"https:\/\/www.beauty-academy.fr\/produit\/formation-kobido-participation-a-la-formation-autofinancement-70000e\/","url":"https:\/\/www.beauty-academy.fr\/produit\/formation-kobido-participation-a-la-formation-autofinancement-70000e\/","name":"Formation Kobido: Participation \u00e0 la formation autofinancement 700,00\u20ac - Beauty Academy Centre de Formation Esth\u00e9tique","isPartOf":{"@id":"https:\/\/www.beauty-academy.fr\/#website"},"datePublished":"2023-03-21T21:08:27+00:00","dateModified":"2023-10-27T13:11:23+00:00","breadcrumb":{"@id":"https:\/\/www.beauty-academy.fr\/produit\/formation-kobido-participation-a-la-formation-autofinancement-70000e\/#breadcrumb"},"inLanguage":"en-GB","potentialAction":[{"@type":"ReadAction","target":["https:\/\/www.beauty-academy.fr\/produit\/formation-kobido-participation-a-la-formation-autofinancement-70000e\/"]}]},{"@type":"BreadcrumbList","@id":"https:\/\/www.beauty-academy.fr\/produit\/formation-kobido-participation-a-la-formation-autofinancement-70000e\/#breadcrumb","itemListElement":[{"@type":"ListItem","position":1,"name":"Accueil","item":"https:\/\/www.beauty-academy.fr\/"},{"@type":"ListItem","position":2,"name":"Boutique","item":"https:\/\/www.beauty-academy.fr\/boutique\/"},{"@type":"ListItem","position":3,"name":"Formation Kobido: Participation \u00e0 la formation autofinancement 700,00\u20ac"}]},{"@type":"WebSite","@id":"https:\/\/www.beauty-academy.fr\/#website","url":"https:\/\/www.beauty-academy.fr\/","name":"Beauty Academy Centre de Formation Esth\u00e9tique","description":"Centre de formation innovant pour tous les soins esth\u00e9tiques","publisher":{"@id":"https:\/\/www.beauty-academy.fr\/#organization"},"potentialAction":[{"@type":"SearchAction","target":{"@type":"EntryPoint","urlTemplate":"https:\/\/www.beauty-academy.fr\/?s={search_term_string}"},"query-input":{"@type":"PropertyValueSpecification","valueRequired":true,"valueName":"search_term_string"}}],"inLanguage":"en-GB"},{"@type":"Organization","@id":"https:\/\/www.beauty-academy.fr\/#organization","name":"Beauty Academy Centre de Formation Esth\u00e9tique","url":"https:\/\/www.beauty-academy.fr\/","logo":{"@type":"ImageObject","inLanguage":"en-GB","@id":"https:\/\/www.beauty-academy.fr\/#\/schema\/logo\/image\/","url":"https:\/\/i0.wp.com\/www.beauty-academy.fr\/wp-content\/uploads\/2022\/05\/Design-sans-titre-62.png?fit=1563%2C494&ssl=1","contentUrl":"https:\/\/i0.wp.com\/www.beauty-academy.fr\/wp-content\/uploads\/2022\/05\/Design-sans-titre-62.png?fit=1563%2C494&ssl=1","width":1563,"height":494,"caption":"Beauty Academy Centre de Formation Esth\u00e9tique"},"image":{"@id":"https:\/\/www.beauty-academy.fr\/#\/schema\/logo\/image\/"}}]}},"jetpack_sharing_enabled":true,"_links":{"self":[{"href":"https:\/\/www.beauty-academy.fr\/en\/wp-json\/wp\/v2\/product\/2806","targetHints":{"allow":["GET"]}}],"collection":[{"href":"https:\/\/www.beauty-academy.fr\/en\/wp-json\/wp\/v2\/product"}],"about":[{"href":"https:\/\/www.beauty-academy.fr\/en\/wp-json\/wp\/v2\/types\/product"}],"replies":[{"embeddable":true,"href":"https:\/\/www.beauty-academy.fr\/en\/wp-json\/wp\/v2\/comments?post=2806"}],"version-history":[{"count":0,"href":"https:\/\/www.beauty-academy.fr\/en\/wp-json\/wp\/v2\/product\/2806\/revisions"}],"wp:attachment":[{"href":"https:\/\/www.beauty-academy.fr\/en\/wp-json\/wp\/v2\/media?parent=2806"}],"wp:term":[{"taxonomy":"product_brand","embeddable":true,"href":"https:\/\/www.beauty-academy.fr\/en\/wp-json\/wp\/v2\/product_brand?post=2806"},{"taxonomy":"product_cat","embeddable":true,"href":"https:\/\/www.beauty-academy.fr\/en\/wp-json\/wp\/v2\/product_cat?post=2806"},{"taxonomy":"product_tag","embeddable":true,"href":"https:\/\/www.beauty-academy.fr\/en\/wp-json\/wp\/v2\/product_tag?post=2806"}],"curies":[{"name":"wp","href":"https:\/\/api.w.org\/{rel}","templated":true}]}}