{"id":2262,"date":"2022-11-27T17:17:07","date_gmt":"2022-11-27T16:17:07","guid":{"rendered":"https:\/\/www.beauty-academy.fr\/?post_type=product&#038;p=2262"},"modified":"2025-04-24T17:12:45","modified_gmt":"2025-04-24T15:12:45","slug":"formation-massage-californien-e-learning","status":"publish","type":"product","link":"https:\/\/www.beauty-academy.fr\/en\/product\/formation-massage-californien-e-learning\/","title":{"rendered":"Formation massage Californien e-learning"},"content":{"rendered":"<ul>\n<li><strong>Fondements du Massage Californien :<\/strong> Origines et principes.<\/li>\n<li><strong>Techniques d&rsquo;Effleurages :<\/strong> Apprendre la continuit\u00e9 du toucher.<\/li>\n<li><strong>Bienfaits Psychosomatiques :<\/strong> Comprendre l&rsquo;impact sur le stress et le bien-\u00eatre<\/li>\n<\/ul>","protected":false},"excerpt":{"rendered":"<p>Notre formation en <strong>Massage Californien<\/strong> en e-learning est une invitation \u00e0 ma\u00eetriser l\u2019art du \u00ab toucher du c\u0153ur \u00bb. Ce modelage unique, caract\u00e9ris\u00e9 par des effleurages continus et une pression constante sur l&rsquo;ensemble du corps, vise \u00e0 soulager les sympt\u00f4mes psychosomatiques du<strong> stress quotidien<\/strong>. Apprenez cette technique apaisante et r\u00e9g\u00e9n\u00e9ratrice qui procure un profond <strong>sentiment de bien-\u00eatre<\/strong>, \u00e0 la fois pour le th\u00e9rapeute et le client.<\/p>\n<p>D\u00e9couvrez \u00e9galement sur notre site la <span style=\"font-weight: 400;\"><a href=\"https:\/\/www.beauty-academy.fr\/en\/product\/formation-maderotherapie-e-learning\/\">formation mad\u00e9roth\u00e9rapie<\/a> , <a href=\"https:\/\/www.beauty-academy.fr\/en\/product\/formation-kobido-en-e-learning\/\">formation massage Kobido<\/a> ou encore la <a href=\"https:\/\/www.beauty-academy.fr\/en\/product\/formation-drainage-lymphatique-esthetique-e-learning\/\">formation drainage lymphatique<\/a>.<\/span><\/p>","protected":false},"featured_media":2289,"comment_status":"closed","ping_status":"closed","template":"","meta":{"_acf_changed":false},"product_brand":[],"product_cat":[187],"product_tag":[255,183],"class_list":{"0":"post-2262","1":"product","2":"type-product","3":"status-publish","4":"has-post-thumbnail","6":"product_cat-formation-e-learning","7":"product_tag-e-learning","8":"product_tag-massage","10":"first","11":"instock","12":"taxable","13":"shipping-taxable","14":"purchasable","15":"product-type-simple"},"acf":[],"yoast_head":"<!-- This site is optimized with the Yoast SEO plugin v27.5 - https:\/\/yoast.com\/product\/yoast-seo-wordpress\/ -->\n<title>Formation Professionnelle en Massage Californien - E-Learning!<\/title>\n<meta name=\"description\" content=\"Ma\u00eetrisez le Massage Californien avec notre formation en ligne. Une comp\u00e9tence relaxante et rentable pour enrichir votre pratique du bien-\u00eatre.\" \/>\n<meta name=\"robots\" content=\"index, follow, max-snippet:-1, max-image-preview:large, max-video-preview:-1\" \/>\n<link rel=\"canonical\" href=\"https:\/\/www.beauty-academy.fr\/en\/product\/formation-massage-californien-e-learning\/\" \/>\n<meta property=\"og:locale\" content=\"en_GB\" \/>\n<meta property=\"og:type\" content=\"article\" \/>\n<meta property=\"og:title\" content=\"Formation Professionnelle en Massage Californien - E-Learning!\" \/>\n<meta property=\"og:description\" content=\"Ma\u00eetrisez le Massage Californien avec notre formation en ligne. Une comp\u00e9tence relaxante et rentable pour enrichir votre pratique du bien-\u00eatre.\" \/>\n<meta property=\"og:url\" content=\"https:\/\/www.beauty-academy.fr\/en\/product\/formation-massage-californien-e-learning\/\" \/>\n<meta property=\"og:site_name\" content=\"Beauty Academy Centre de Formation Esth\u00e9tique\" \/>\n<meta property=\"article:modified_time\" content=\"2025-04-24T15:12:45+00:00\" \/>\n<meta property=\"og:image\" content=\"https:\/\/www.beauty-academy.fr\/wp-content\/uploads\/2022\/12\/Massage-Californien-BA.jpg\" \/>\n\t<meta property=\"og:image:width\" content=\"797\" \/>\n\t<meta property=\"og:image:height\" content=\"797\" \/>\n\t<meta property=\"og:image:type\" content=\"image\/jpeg\" \/>\n<meta name=\"twitter:card\" content=\"summary_large_image\" \/>\n<meta name=\"twitter:label1\" content=\"Estimated reading time\" \/>\n\t<meta name=\"twitter:data1\" content=\"1 minute\" \/>\n<script type=\"application\/ld+json\" class=\"yoast-schema-graph\">{\"@context\":\"https:\\\/\\\/schema.org\",\"@graph\":[{\"@type\":\"WebPage\",\"@id\":\"https:\\\/\\\/www.beauty-academy.fr\\\/produit\\\/formation-massage-californien-e-learning\\\/\",\"url\":\"https:\\\/\\\/www.beauty-academy.fr\\\/produit\\\/formation-massage-californien-e-learning\\\/\",\"name\":\"Formation Professionnelle en Massage Californien - E-Learning!\",\"isPartOf\":{\"@id\":\"https:\\\/\\\/www.beauty-academy.fr\\\/#website\"},\"primaryImageOfPage\":{\"@id\":\"https:\\\/\\\/www.beauty-academy.fr\\\/produit\\\/formation-massage-californien-e-learning\\\/#primaryimage\"},\"image\":{\"@id\":\"https:\\\/\\\/www.beauty-academy.fr\\\/produit\\\/formation-massage-californien-e-learning\\\/#primaryimage\"},\"thumbnailUrl\":\"https:\\\/\\\/i0.wp.com\\\/www.beauty-academy.fr\\\/wp-content\\\/uploads\\\/2022\\\/12\\\/Massage-Californien-BA.jpg?fit=797%2C797&ssl=1\",\"datePublished\":\"2022-11-27T16:17:07+00:00\",\"dateModified\":\"2025-04-24T15:12:45+00:00\",\"description\":\"Ma\u00eetrisez le Massage Californien avec notre formation en ligne. Une comp\u00e9tence relaxante et rentable pour enrichir votre pratique du bien-\u00eatre.\",\"breadcrumb\":{\"@id\":\"https:\\\/\\\/www.beauty-academy.fr\\\/produit\\\/formation-massage-californien-e-learning\\\/#breadcrumb\"},\"inLanguage\":\"en-GB\",\"potentialAction\":[{\"@type\":\"ReadAction\",\"target\":[\"https:\\\/\\\/www.beauty-academy.fr\\\/produit\\\/formation-massage-californien-e-learning\\\/\"]}]},{\"@type\":\"ImageObject\",\"inLanguage\":\"en-GB\",\"@id\":\"https:\\\/\\\/www.beauty-academy.fr\\\/produit\\\/formation-massage-californien-e-learning\\\/#primaryimage\",\"url\":\"https:\\\/\\\/i0.wp.com\\\/www.beauty-academy.fr\\\/wp-content\\\/uploads\\\/2022\\\/12\\\/Massage-Californien-BA.jpg?fit=797%2C797&ssl=1\",\"contentUrl\":\"https:\\\/\\\/i0.wp.com\\\/www.beauty-academy.fr\\\/wp-content\\\/uploads\\\/2022\\\/12\\\/Massage-Californien-BA.jpg?fit=797%2C797&ssl=1\",\"width\":797,\"height\":797},{\"@type\":\"BreadcrumbList\",\"@id\":\"https:\\\/\\\/www.beauty-academy.fr\\\/produit\\\/formation-massage-californien-e-learning\\\/#breadcrumb\",\"itemListElement\":[{\"@type\":\"ListItem\",\"position\":1,\"name\":\"Accueil\",\"item\":\"https:\\\/\\\/www.beauty-academy.fr\\\/\"},{\"@type\":\"ListItem\",\"position\":2,\"name\":\"Boutique\",\"item\":\"https:\\\/\\\/www.beauty-academy.fr\\\/boutique\\\/\"},{\"@type\":\"ListItem\",\"position\":3,\"name\":\"Formation massage Californien e-learning\"}]},{\"@type\":\"WebSite\",\"@id\":\"https:\\\/\\\/www.beauty-academy.fr\\\/#website\",\"url\":\"https:\\\/\\\/www.beauty-academy.fr\\\/\",\"name\":\"Beauty Academy Centre de Formation Esth\u00e9tique\",\"description\":\"Centre de formation innovant pour tous les soins esth\u00e9tiques\",\"publisher\":{\"@id\":\"https:\\\/\\\/www.beauty-academy.fr\\\/#organization\"},\"potentialAction\":[{\"@type\":\"SearchAction\",\"target\":{\"@type\":\"EntryPoint\",\"urlTemplate\":\"https:\\\/\\\/www.beauty-academy.fr\\\/?s={search_term_string}\"},\"query-input\":{\"@type\":\"PropertyValueSpecification\",\"valueRequired\":true,\"valueName\":\"search_term_string\"}}],\"inLanguage\":\"en-GB\"},{\"@type\":\"Organization\",\"@id\":\"https:\\\/\\\/www.beauty-academy.fr\\\/#organization\",\"name\":\"Beauty Academy Centre de Formation Esth\u00e9tique\",\"url\":\"https:\\\/\\\/www.beauty-academy.fr\\\/\",\"logo\":{\"@type\":\"ImageObject\",\"inLanguage\":\"en-GB\",\"@id\":\"https:\\\/\\\/www.beauty-academy.fr\\\/#\\\/schema\\\/logo\\\/image\\\/\",\"url\":\"https:\\\/\\\/i0.wp.com\\\/www.beauty-academy.fr\\\/wp-content\\\/uploads\\\/2022\\\/05\\\/Design-sans-titre-62.png?fit=1563%2C494&ssl=1\",\"contentUrl\":\"https:\\\/\\\/i0.wp.com\\\/www.beauty-academy.fr\\\/wp-content\\\/uploads\\\/2022\\\/05\\\/Design-sans-titre-62.png?fit=1563%2C494&ssl=1\",\"width\":1563,\"height\":494,\"caption\":\"Beauty Academy Centre de Formation Esth\u00e9tique\"},\"image\":{\"@id\":\"https:\\\/\\\/www.beauty-academy.fr\\\/#\\\/schema\\\/logo\\\/image\\\/\"}}]}<\/script>\n<!-- \/ Yoast SEO plugin. -->","yoast_head_json":{"title":"Formation Professionnelle en Massage Californien - E-Learning!","description":"Ma\u00eetrisez le Massage Californien avec notre formation en ligne. Une comp\u00e9tence relaxante et rentable pour enrichir votre pratique du bien-\u00eatre.","robots":{"index":"index","follow":"follow","max-snippet":"max-snippet:-1","max-image-preview":"max-image-preview:large","max-video-preview":"max-video-preview:-1"},"canonical":"https:\/\/www.beauty-academy.fr\/en\/product\/formation-massage-californien-e-learning\/","og_locale":"en_GB","og_type":"article","og_title":"Formation Professionnelle en Massage Californien - E-Learning!","og_description":"Ma\u00eetrisez le Massage Californien avec notre formation en ligne. Une comp\u00e9tence relaxante et rentable pour enrichir votre pratique du bien-\u00eatre.","og_url":"https:\/\/www.beauty-academy.fr\/en\/product\/formation-massage-californien-e-learning\/","og_site_name":"Beauty Academy Centre de Formation Esth\u00e9tique","article_modified_time":"2025-04-24T15:12:45+00:00","og_image":[{"width":797,"height":797,"url":"https:\/\/www.beauty-academy.fr\/wp-content\/uploads\/2022\/12\/Massage-Californien-BA.jpg","type":"image\/jpeg"}],"twitter_card":"summary_large_image","twitter_misc":{"Estimated reading time":"1 minute"},"schema":{"@context":"https:\/\/schema.org","@graph":[{"@type":"WebPage","@id":"https:\/\/www.beauty-academy.fr\/produit\/formation-massage-californien-e-learning\/","url":"https:\/\/www.beauty-academy.fr\/produit\/formation-massage-californien-e-learning\/","name":"Formation Professionnelle en Massage Californien - E-Learning!","isPartOf":{"@id":"https:\/\/www.beauty-academy.fr\/#website"},"primaryImageOfPage":{"@id":"https:\/\/www.beauty-academy.fr\/produit\/formation-massage-californien-e-learning\/#primaryimage"},"image":{"@id":"https:\/\/www.beauty-academy.fr\/produit\/formation-massage-californien-e-learning\/#primaryimage"},"thumbnailUrl":"https:\/\/i0.wp.com\/www.beauty-academy.fr\/wp-content\/uploads\/2022\/12\/Massage-Californien-BA.jpg?fit=797%2C797&ssl=1","datePublished":"2022-11-27T16:17:07+00:00","dateModified":"2025-04-24T15:12:45+00:00","description":"Ma\u00eetrisez le Massage Californien avec notre formation en ligne. Une comp\u00e9tence relaxante et rentable pour enrichir votre pratique du bien-\u00eatre.","breadcrumb":{"@id":"https:\/\/www.beauty-academy.fr\/produit\/formation-massage-californien-e-learning\/#breadcrumb"},"inLanguage":"en-GB","potentialAction":[{"@type":"ReadAction","target":["https:\/\/www.beauty-academy.fr\/produit\/formation-massage-californien-e-learning\/"]}]},{"@type":"ImageObject","inLanguage":"en-GB","@id":"https:\/\/www.beauty-academy.fr\/produit\/formation-massage-californien-e-learning\/#primaryimage","url":"https:\/\/i0.wp.com\/www.beauty-academy.fr\/wp-content\/uploads\/2022\/12\/Massage-Californien-BA.jpg?fit=797%2C797&ssl=1","contentUrl":"https:\/\/i0.wp.com\/www.beauty-academy.fr\/wp-content\/uploads\/2022\/12\/Massage-Californien-BA.jpg?fit=797%2C797&ssl=1","width":797,"height":797},{"@type":"BreadcrumbList","@id":"https:\/\/www.beauty-academy.fr\/produit\/formation-massage-californien-e-learning\/#breadcrumb","itemListElement":[{"@type":"ListItem","position":1,"name":"Accueil","item":"https:\/\/www.beauty-academy.fr\/"},{"@type":"ListItem","position":2,"name":"Boutique","item":"https:\/\/www.beauty-academy.fr\/boutique\/"},{"@type":"ListItem","position":3,"name":"Formation massage Californien e-learning"}]},{"@type":"WebSite","@id":"https:\/\/www.beauty-academy.fr\/#website","url":"https:\/\/www.beauty-academy.fr\/","name":"Beauty Academy Centre de Formation Esth\u00e9tique","description":"Centre de formation innovant pour tous les soins esth\u00e9tiques","publisher":{"@id":"https:\/\/www.beauty-academy.fr\/#organization"},"potentialAction":[{"@type":"SearchAction","target":{"@type":"EntryPoint","urlTemplate":"https:\/\/www.beauty-academy.fr\/?s={search_term_string}"},"query-input":{"@type":"PropertyValueSpecification","valueRequired":true,"valueName":"search_term_string"}}],"inLanguage":"en-GB"},{"@type":"Organization","@id":"https:\/\/www.beauty-academy.fr\/#organization","name":"Beauty Academy Centre de Formation Esth\u00e9tique","url":"https:\/\/www.beauty-academy.fr\/","logo":{"@type":"ImageObject","inLanguage":"en-GB","@id":"https:\/\/www.beauty-academy.fr\/#\/schema\/logo\/image\/","url":"https:\/\/i0.wp.com\/www.beauty-academy.fr\/wp-content\/uploads\/2022\/05\/Design-sans-titre-62.png?fit=1563%2C494&ssl=1","contentUrl":"https:\/\/i0.wp.com\/www.beauty-academy.fr\/wp-content\/uploads\/2022\/05\/Design-sans-titre-62.png?fit=1563%2C494&ssl=1","width":1563,"height":494,"caption":"Beauty Academy Centre de Formation Esth\u00e9tique"},"image":{"@id":"https:\/\/www.beauty-academy.fr\/#\/schema\/logo\/image\/"}}]}},"jetpack_sharing_enabled":true,"_links":{"self":[{"href":"https:\/\/www.beauty-academy.fr\/en\/wp-json\/wp\/v2\/product\/2262","targetHints":{"allow":["GET"]}}],"collection":[{"href":"https:\/\/www.beauty-academy.fr\/en\/wp-json\/wp\/v2\/product"}],"about":[{"href":"https:\/\/www.beauty-academy.fr\/en\/wp-json\/wp\/v2\/types\/product"}],"replies":[{"embeddable":true,"href":"https:\/\/www.beauty-academy.fr\/en\/wp-json\/wp\/v2\/comments?post=2262"}],"version-history":[{"count":3,"href":"https:\/\/www.beauty-academy.fr\/en\/wp-json\/wp\/v2\/product\/2262\/revisions"}],"predecessor-version":[{"id":5949,"href":"https:\/\/www.beauty-academy.fr\/en\/wp-json\/wp\/v2\/product\/2262\/revisions\/5949"}],"wp:featuredmedia":[{"embeddable":true,"href":"https:\/\/www.beauty-academy.fr\/en\/wp-json\/wp\/v2\/media\/2289"}],"wp:attachment":[{"href":"https:\/\/www.beauty-academy.fr\/en\/wp-json\/wp\/v2\/media?parent=2262"}],"wp:term":[{"taxonomy":"product_brand","embeddable":true,"href":"https:\/\/www.beauty-academy.fr\/en\/wp-json\/wp\/v2\/product_brand?post=2262"},{"taxonomy":"product_cat","embeddable":true,"href":"https:\/\/www.beauty-academy.fr\/en\/wp-json\/wp\/v2\/product_cat?post=2262"},{"taxonomy":"product_tag","embeddable":true,"href":"https:\/\/www.beauty-academy.fr\/en\/wp-json\/wp\/v2\/product_tag?post=2262"}],"curies":[{"name":"wp","href":"https:\/\/api.w.org\/{rel}","templated":true}]}}