{"id":2069,"date":"2022-11-16T16:44:10","date_gmt":"2022-11-16T15:44:10","guid":{"rendered":"https:\/\/www.beauty-academy.fr\/?post_type=product&#038;p=2069"},"modified":"2024-09-21T14:31:38","modified_gmt":"2024-09-21T12:31:38","slug":"formation-fil-tenseur-e-learning","status":"publish","type":"product","link":"https:\/\/www.beauty-academy.fr\/en\/product\/formation-fil-tenseur-e-learning\/","title":{"rendered":"Tensor thread e-learning training course"},"content":{"rendered":"<div id=\"nav-share\" class=\"show\">\n<ul>\n<li><strong>Fondamentaux du Fil Tenseur :<\/strong> Comprendre les bases de la technique et son efficacit\u00e9.<\/li>\n<li><strong>Techniques d&rsquo;Application :<\/strong> Apprentissage de la mise en place des fils pour des r\u00e9sultats optimaux.<\/li>\n<li><strong>S\u00e9curit\u00e9 et Hygi\u00e8ne :<\/strong> Pratiques essentielles pour des soins s\u00fbrs et efficaces.<\/li>\n<\/ul>\n<\/div>","protected":false},"excerpt":{"rendered":"<p style=\"text-align: justify;\">Notre formation en <strong>Fil Tenseur<\/strong> vous plonge dans l&rsquo;univers des traitements anti-\u00e2ge innovants. Apprenez \u00e0 ma\u00eetriser cette technique indolore et non invasive <strong>utilisant des fils collag\u00e8ne<\/strong> pour <strong>retendre les tissus rel\u00e2ch\u00e9s<\/strong> et <strong>stimuler la production de collag\u00e8ne<\/strong>. Cette m\u00e9thode est efficace sur diverses zones, notamment le contour du visage et le regard, permettant de redessiner les traits et de lifter la peau. Id\u00e9ale pour les professionnels cherchant \u00e0 offrir des <strong>r\u00e9sultats anti-\u00e2ge imm\u00e9diats<\/strong>, cette formation en e-learning vous pr\u00e9pare \u00e0 int\u00e9grer cette comp\u00e9tence tr\u00e8s demand\u00e9e dans votre pratique esth\u00e9tique.<\/p>","protected":false},"featured_media":1476,"comment_status":"closed","ping_status":"closed","template":"","meta":{"_acf_changed":false},"product_brand":[],"product_cat":[187],"product_tag":[255,192,189,185],"class_list":{"0":"post-2069","1":"product","2":"type-product","3":"status-publish","4":"has-post-thumbnail","6":"product_cat-formation-e-learning","7":"product_tag-e-learning","8":"product_tag-peau","9":"product_tag-sante","10":"product_tag-visage","12":"first","13":"instock","14":"taxable","15":"shipping-taxable","16":"purchasable","17":"product-type-simple"},"acf":[],"yoast_head":"<!-- This site is optimized with the Yoast SEO plugin v27.5 - https:\/\/yoast.com\/product\/yoast-seo-wordpress\/ -->\n<title>Formation Professionnelle en Fil Tenseur | Beauty Academy<\/title>\n<meta name=\"description\" content=\"Devenez expert en technique de Fil Tenseur avec notre formation en ligne. Offrez des soins anti-\u00e2ge r\u00e9volutionnaires et non invasifs.\" \/>\n<meta name=\"robots\" content=\"index, follow, max-snippet:-1, max-image-preview:large, max-video-preview:-1\" \/>\n<link rel=\"canonical\" href=\"https:\/\/www.beauty-academy.fr\/en\/product\/formation-fil-tenseur-e-learning\/\" \/>\n<meta property=\"og:locale\" content=\"en_GB\" \/>\n<meta property=\"og:type\" content=\"article\" \/>\n<meta property=\"og:title\" content=\"Formation Professionnelle en Fil Tenseur | Beauty Academy\" \/>\n<meta property=\"og:description\" content=\"Devenez expert en technique de Fil Tenseur avec notre formation en ligne. Offrez des soins anti-\u00e2ge r\u00e9volutionnaires et non invasifs.\" \/>\n<meta property=\"og:url\" content=\"https:\/\/www.beauty-academy.fr\/en\/product\/formation-fil-tenseur-e-learning\/\" \/>\n<meta property=\"og:site_name\" content=\"Beauty Academy Centre de Formation Esth\u00e9tique\" \/>\n<meta property=\"article:modified_time\" content=\"2024-09-21T12:31:38+00:00\" \/>\n<meta property=\"og:image\" content=\"https:\/\/www.beauty-academy.fr\/wp-content\/uploads\/2022\/09\/Fils-tenseurs-beauty-academy.jpeg\" \/>\n\t<meta property=\"og:image:width\" content=\"800\" \/>\n\t<meta property=\"og:image:height\" content=\"800\" \/>\n\t<meta property=\"og:image:type\" content=\"image\/jpeg\" \/>\n<meta name=\"twitter:card\" content=\"summary_large_image\" \/>\n<meta name=\"twitter:label1\" content=\"Estimated reading time\" \/>\n\t<meta name=\"twitter:data1\" content=\"1 minute\" \/>\n<script type=\"application\/ld+json\" class=\"yoast-schema-graph\">{\"@context\":\"https:\\\/\\\/schema.org\",\"@graph\":[{\"@type\":\"WebPage\",\"@id\":\"https:\\\/\\\/www.beauty-academy.fr\\\/produit\\\/formation-fil-tenseur-e-learning\\\/\",\"url\":\"https:\\\/\\\/www.beauty-academy.fr\\\/produit\\\/formation-fil-tenseur-e-learning\\\/\",\"name\":\"Formation Professionnelle en Fil Tenseur | Beauty Academy\",\"isPartOf\":{\"@id\":\"https:\\\/\\\/www.beauty-academy.fr\\\/#website\"},\"primaryImageOfPage\":{\"@id\":\"https:\\\/\\\/www.beauty-academy.fr\\\/produit\\\/formation-fil-tenseur-e-learning\\\/#primaryimage\"},\"image\":{\"@id\":\"https:\\\/\\\/www.beauty-academy.fr\\\/produit\\\/formation-fil-tenseur-e-learning\\\/#primaryimage\"},\"thumbnailUrl\":\"https:\\\/\\\/i0.wp.com\\\/www.beauty-academy.fr\\\/wp-content\\\/uploads\\\/2022\\\/09\\\/Fils-tenseurs-beauty-academy.jpeg?fit=800%2C800&ssl=1\",\"datePublished\":\"2022-11-16T15:44:10+00:00\",\"dateModified\":\"2024-09-21T12:31:38+00:00\",\"description\":\"Devenez expert en technique de Fil Tenseur avec notre formation en ligne. Offrez des soins anti-\u00e2ge r\u00e9volutionnaires et non invasifs.\",\"breadcrumb\":{\"@id\":\"https:\\\/\\\/www.beauty-academy.fr\\\/produit\\\/formation-fil-tenseur-e-learning\\\/#breadcrumb\"},\"inLanguage\":\"en-GB\",\"potentialAction\":[{\"@type\":\"ReadAction\",\"target\":[\"https:\\\/\\\/www.beauty-academy.fr\\\/produit\\\/formation-fil-tenseur-e-learning\\\/\"]}]},{\"@type\":\"ImageObject\",\"inLanguage\":\"en-GB\",\"@id\":\"https:\\\/\\\/www.beauty-academy.fr\\\/produit\\\/formation-fil-tenseur-e-learning\\\/#primaryimage\",\"url\":\"https:\\\/\\\/i0.wp.com\\\/www.beauty-academy.fr\\\/wp-content\\\/uploads\\\/2022\\\/09\\\/Fils-tenseurs-beauty-academy.jpeg?fit=800%2C800&ssl=1\",\"contentUrl\":\"https:\\\/\\\/i0.wp.com\\\/www.beauty-academy.fr\\\/wp-content\\\/uploads\\\/2022\\\/09\\\/Fils-tenseurs-beauty-academy.jpeg?fit=800%2C800&ssl=1\",\"width\":800,\"height\":800},{\"@type\":\"BreadcrumbList\",\"@id\":\"https:\\\/\\\/www.beauty-academy.fr\\\/produit\\\/formation-fil-tenseur-e-learning\\\/#breadcrumb\",\"itemListElement\":[{\"@type\":\"ListItem\",\"position\":1,\"name\":\"Accueil\",\"item\":\"https:\\\/\\\/www.beauty-academy.fr\\\/\"},{\"@type\":\"ListItem\",\"position\":2,\"name\":\"Boutique\",\"item\":\"https:\\\/\\\/www.beauty-academy.fr\\\/boutique\\\/\"},{\"@type\":\"ListItem\",\"position\":3,\"name\":\"Formation Fil tenseur e-learning\"}]},{\"@type\":\"WebSite\",\"@id\":\"https:\\\/\\\/www.beauty-academy.fr\\\/#website\",\"url\":\"https:\\\/\\\/www.beauty-academy.fr\\\/\",\"name\":\"Beauty Academy Centre de Formation Esth\u00e9tique\",\"description\":\"Centre de formation innovant pour tous les soins esth\u00e9tiques\",\"publisher\":{\"@id\":\"https:\\\/\\\/www.beauty-academy.fr\\\/#organization\"},\"potentialAction\":[{\"@type\":\"SearchAction\",\"target\":{\"@type\":\"EntryPoint\",\"urlTemplate\":\"https:\\\/\\\/www.beauty-academy.fr\\\/?s={search_term_string}\"},\"query-input\":{\"@type\":\"PropertyValueSpecification\",\"valueRequired\":true,\"valueName\":\"search_term_string\"}}],\"inLanguage\":\"en-GB\"},{\"@type\":\"Organization\",\"@id\":\"https:\\\/\\\/www.beauty-academy.fr\\\/#organization\",\"name\":\"Beauty Academy Centre de Formation Esth\u00e9tique\",\"url\":\"https:\\\/\\\/www.beauty-academy.fr\\\/\",\"logo\":{\"@type\":\"ImageObject\",\"inLanguage\":\"en-GB\",\"@id\":\"https:\\\/\\\/www.beauty-academy.fr\\\/#\\\/schema\\\/logo\\\/image\\\/\",\"url\":\"https:\\\/\\\/i0.wp.com\\\/www.beauty-academy.fr\\\/wp-content\\\/uploads\\\/2022\\\/05\\\/Design-sans-titre-62.png?fit=1563%2C494&ssl=1\",\"contentUrl\":\"https:\\\/\\\/i0.wp.com\\\/www.beauty-academy.fr\\\/wp-content\\\/uploads\\\/2022\\\/05\\\/Design-sans-titre-62.png?fit=1563%2C494&ssl=1\",\"width\":1563,\"height\":494,\"caption\":\"Beauty Academy Centre de Formation Esth\u00e9tique\"},\"image\":{\"@id\":\"https:\\\/\\\/www.beauty-academy.fr\\\/#\\\/schema\\\/logo\\\/image\\\/\"}}]}<\/script>\n<!-- \/ Yoast SEO plugin. -->","yoast_head_json":{"title":"Formation Professionnelle en Fil Tenseur | Beauty Academy","description":"Devenez expert en technique de Fil Tenseur avec notre formation en ligne. Offrez des soins anti-\u00e2ge r\u00e9volutionnaires et non invasifs.","robots":{"index":"index","follow":"follow","max-snippet":"max-snippet:-1","max-image-preview":"max-image-preview:large","max-video-preview":"max-video-preview:-1"},"canonical":"https:\/\/www.beauty-academy.fr\/en\/product\/formation-fil-tenseur-e-learning\/","og_locale":"en_GB","og_type":"article","og_title":"Formation Professionnelle en Fil Tenseur | Beauty Academy","og_description":"Devenez expert en technique de Fil Tenseur avec notre formation en ligne. Offrez des soins anti-\u00e2ge r\u00e9volutionnaires et non invasifs.","og_url":"https:\/\/www.beauty-academy.fr\/en\/product\/formation-fil-tenseur-e-learning\/","og_site_name":"Beauty Academy Centre de Formation Esth\u00e9tique","article_modified_time":"2024-09-21T12:31:38+00:00","og_image":[{"width":800,"height":800,"url":"https:\/\/www.beauty-academy.fr\/wp-content\/uploads\/2022\/09\/Fils-tenseurs-beauty-academy.jpeg","type":"image\/jpeg"}],"twitter_card":"summary_large_image","twitter_misc":{"Estimated reading time":"1 minute"},"schema":{"@context":"https:\/\/schema.org","@graph":[{"@type":"WebPage","@id":"https:\/\/www.beauty-academy.fr\/produit\/formation-fil-tenseur-e-learning\/","url":"https:\/\/www.beauty-academy.fr\/produit\/formation-fil-tenseur-e-learning\/","name":"Formation Professionnelle en Fil Tenseur | Beauty Academy","isPartOf":{"@id":"https:\/\/www.beauty-academy.fr\/#website"},"primaryImageOfPage":{"@id":"https:\/\/www.beauty-academy.fr\/produit\/formation-fil-tenseur-e-learning\/#primaryimage"},"image":{"@id":"https:\/\/www.beauty-academy.fr\/produit\/formation-fil-tenseur-e-learning\/#primaryimage"},"thumbnailUrl":"https:\/\/i0.wp.com\/www.beauty-academy.fr\/wp-content\/uploads\/2022\/09\/Fils-tenseurs-beauty-academy.jpeg?fit=800%2C800&ssl=1","datePublished":"2022-11-16T15:44:10+00:00","dateModified":"2024-09-21T12:31:38+00:00","description":"Devenez expert en technique de Fil Tenseur avec notre formation en ligne. Offrez des soins anti-\u00e2ge r\u00e9volutionnaires et non invasifs.","breadcrumb":{"@id":"https:\/\/www.beauty-academy.fr\/produit\/formation-fil-tenseur-e-learning\/#breadcrumb"},"inLanguage":"en-GB","potentialAction":[{"@type":"ReadAction","target":["https:\/\/www.beauty-academy.fr\/produit\/formation-fil-tenseur-e-learning\/"]}]},{"@type":"ImageObject","inLanguage":"en-GB","@id":"https:\/\/www.beauty-academy.fr\/produit\/formation-fil-tenseur-e-learning\/#primaryimage","url":"https:\/\/i0.wp.com\/www.beauty-academy.fr\/wp-content\/uploads\/2022\/09\/Fils-tenseurs-beauty-academy.jpeg?fit=800%2C800&ssl=1","contentUrl":"https:\/\/i0.wp.com\/www.beauty-academy.fr\/wp-content\/uploads\/2022\/09\/Fils-tenseurs-beauty-academy.jpeg?fit=800%2C800&ssl=1","width":800,"height":800},{"@type":"BreadcrumbList","@id":"https:\/\/www.beauty-academy.fr\/produit\/formation-fil-tenseur-e-learning\/#breadcrumb","itemListElement":[{"@type":"ListItem","position":1,"name":"Accueil","item":"https:\/\/www.beauty-academy.fr\/"},{"@type":"ListItem","position":2,"name":"Boutique","item":"https:\/\/www.beauty-academy.fr\/boutique\/"},{"@type":"ListItem","position":3,"name":"Formation Fil tenseur e-learning"}]},{"@type":"WebSite","@id":"https:\/\/www.beauty-academy.fr\/#website","url":"https:\/\/www.beauty-academy.fr\/","name":"Beauty Academy Centre de Formation Esth\u00e9tique","description":"Centre de formation innovant pour tous les soins esth\u00e9tiques","publisher":{"@id":"https:\/\/www.beauty-academy.fr\/#organization"},"potentialAction":[{"@type":"SearchAction","target":{"@type":"EntryPoint","urlTemplate":"https:\/\/www.beauty-academy.fr\/?s={search_term_string}"},"query-input":{"@type":"PropertyValueSpecification","valueRequired":true,"valueName":"search_term_string"}}],"inLanguage":"en-GB"},{"@type":"Organization","@id":"https:\/\/www.beauty-academy.fr\/#organization","name":"Beauty Academy Centre de Formation Esth\u00e9tique","url":"https:\/\/www.beauty-academy.fr\/","logo":{"@type":"ImageObject","inLanguage":"en-GB","@id":"https:\/\/www.beauty-academy.fr\/#\/schema\/logo\/image\/","url":"https:\/\/i0.wp.com\/www.beauty-academy.fr\/wp-content\/uploads\/2022\/05\/Design-sans-titre-62.png?fit=1563%2C494&ssl=1","contentUrl":"https:\/\/i0.wp.com\/www.beauty-academy.fr\/wp-content\/uploads\/2022\/05\/Design-sans-titre-62.png?fit=1563%2C494&ssl=1","width":1563,"height":494,"caption":"Beauty Academy Centre de Formation Esth\u00e9tique"},"image":{"@id":"https:\/\/www.beauty-academy.fr\/#\/schema\/logo\/image\/"}}]}},"jetpack_sharing_enabled":true,"_links":{"self":[{"href":"https:\/\/www.beauty-academy.fr\/en\/wp-json\/wp\/v2\/product\/2069","targetHints":{"allow":["GET"]}}],"collection":[{"href":"https:\/\/www.beauty-academy.fr\/en\/wp-json\/wp\/v2\/product"}],"about":[{"href":"https:\/\/www.beauty-academy.fr\/en\/wp-json\/wp\/v2\/types\/product"}],"replies":[{"embeddable":true,"href":"https:\/\/www.beauty-academy.fr\/en\/wp-json\/wp\/v2\/comments?post=2069"}],"version-history":[{"count":0,"href":"https:\/\/www.beauty-academy.fr\/en\/wp-json\/wp\/v2\/product\/2069\/revisions"}],"wp:featuredmedia":[{"embeddable":true,"href":"https:\/\/www.beauty-academy.fr\/en\/wp-json\/wp\/v2\/media\/1476"}],"wp:attachment":[{"href":"https:\/\/www.beauty-academy.fr\/en\/wp-json\/wp\/v2\/media?parent=2069"}],"wp:term":[{"taxonomy":"product_brand","embeddable":true,"href":"https:\/\/www.beauty-academy.fr\/en\/wp-json\/wp\/v2\/product_brand?post=2069"},{"taxonomy":"product_cat","embeddable":true,"href":"https:\/\/www.beauty-academy.fr\/en\/wp-json\/wp\/v2\/product_cat?post=2069"},{"taxonomy":"product_tag","embeddable":true,"href":"https:\/\/www.beauty-academy.fr\/en\/wp-json\/wp\/v2\/product_tag?post=2069"}],"curies":[{"name":"wp","href":"https:\/\/api.w.org\/{rel}","templated":true}]}}